{"id":987,"date":"2017-12-26T18:24:42","date_gmt":"2017-12-26T18:24:42","guid":{"rendered":"https:\/\/www.lechasseurmauricien.com\/about-us\/"},"modified":"2025-03-02T18:02:00","modified_gmt":"2025-03-02T14:02:00","slug":"tout-savoir-sur-le-chasseur-mauricien","status":"publish","type":"page","link":"https:\/\/www.lechasseurmauricien.com\/fr\/tout-savoir-sur-le-chasseur-mauricien\/","title":{"rendered":"A propos de nous"},"content":{"rendered":"\t\t<div data-elementor-type=\"wp-page\" data-elementor-id=\"987\" class=\"elementor elementor-987 elementor-268\" data-elementor-post-type=\"page\">\n\t\t\t\t\t\t<section class=\"elementor-section elementor-top-section elementor-element elementor-element-cdddb5f elementor-section-height-min-height elementor-section-boxed elementor-section-height-default elementor-section-items-middle\" data-id=\"cdddb5f\" data-element_type=\"section\" data-settings=\"{&quot;background_background&quot;:&quot;classic&quot;}\">\n\t\t\t\t\t\t<div class=\"elementor-container elementor-column-gap-default\">\n\t\t\t\t\t<div class=\"elementor-column elementor-col-100 elementor-top-column elementor-element elementor-element-0a367d7\" data-id=\"0a367d7\" data-element_type=\"column\">\n\t\t\t<div class=\"elementor-widget-wrap\">\n\t\t\t\t\t\t\t<\/div>\n\t\t<\/div>\n\t\t\t\t\t<\/div>\n\t\t<\/section>\n\t\t\t\t<section class=\"elementor-section elementor-top-section elementor-element elementor-element-0033d7a elementor-section-boxed elementor-section-height-default elementor-section-height-default\" data-id=\"0033d7a\" data-element_type=\"section\" data-settings=\"{&quot;background_background&quot;:&quot;classic&quot;}\">\n\t\t\t\t\t\t<div class=\"elementor-container elementor-column-gap-default\">\n\t\t\t\t\t<div class=\"elementor-column elementor-col-100 elementor-top-column elementor-element elementor-element-8dd19b9\" data-id=\"8dd19b9\" data-element_type=\"column\">\n\t\t\t<div class=\"elementor-widget-wrap elementor-element-populated\">\n\t\t\t\t\t\t<div class=\"elementor-element elementor-element-a2e830a elementor-widget elementor-widget-heading\" data-id=\"a2e830a\" data-element_type=\"widget\" data-widget_type=\"heading.default\">\n\t\t\t\t<div class=\"elementor-widget-container\">\n\t\t\t\t\t<h1 class=\"elementor-heading-title elementor-size-default\">Le Chasseur Mauricien<\/h1>\t\t\t\t<\/div>\n\t\t\t\t<\/div>\n\t\t\t\t\t<\/div>\n\t\t<\/div>\n\t\t\t\t\t<\/div>\n\t\t<\/section>\n\t\t\t\t<section class=\"elementor-section elementor-top-section elementor-element elementor-element-f14dec4 elementor-section-boxed elementor-section-height-default elementor-section-height-default\" data-id=\"f14dec4\" data-element_type=\"section\" data-settings=\"{&quot;background_background&quot;:&quot;classic&quot;}\">\n\t\t\t\t\t\t<div class=\"elementor-container elementor-column-gap-default\">\n\t\t\t\t\t<div class=\"elementor-column elementor-col-100 elementor-top-column elementor-element elementor-element-700a59d\" data-id=\"700a59d\" data-element_type=\"column\">\n\t\t\t<div class=\"elementor-widget-wrap elementor-element-populated\">\n\t\t\t\t\t\t<div class=\"elementor-element elementor-element-64a328e elementor-widget elementor-widget-text-editor\" data-id=\"64a328e\" data-element_type=\"widget\" data-widget_type=\"text-editor.default\">\n\t\t\t\t<div class=\"elementor-widget-container\">\n\t\t\t\t\t\t\t\t\t<p data-start=\"0\" data-end=\"114\">Le Chasseur Mauricien est la plus ancienne entreprise de chasse \u00e0 Maurice et reste le leader depuis sa cr\u00e9ation&#8230;<\/p><p data-start=\"116\" data-end=\"343\">Chassez le cerf Rusa (Cervus rusa timorensis) \u00e0 Maurice, le sanglier, le faisan, le Francolin Indien, le li\u00e8vre japonais, qui sont notre sp\u00e9cialit\u00e9. Nous sommes ici pour vous guider et \u00eatre \u00e0 votre service depuis novembre 2003.<\/p><p data-start=\"345\" data-end=\"808\">Le Chasseur Mauricien est la plus ancienne soci\u00e9t\u00e9 mauricienne sp\u00e9cialis\u00e9e dans la chasse \u00e0 Maurice. Depuis septembre 2012, nous avons abattu 586 grands cerfs Rusa. Depuis mars 2010, le Safari Club International (SCI) a ouvert une nouvelle cat\u00e9gorie pour le cerf Rusa \u00e0 Maurice et les 54 plus grands titres mondiaux ont \u00e9t\u00e9 enregistr\u00e9s dans le livre virtuel de notre r\u00e9gion. Cela constitue une preuve claire et une r\u00e9f\u00e9rence de ce que nous offrons et fournissons.<\/p><p data-start=\"810\" data-end=\"1199\">Le Chasseur Mauricien vous propose le meilleur de la chasse et de l\u2019h\u00e9bergement \u00e0 des prix imbattables. Comme 507 clients l\u2019ont fait jusqu\u2019\u00e0 pr\u00e9sent, rejoignez-nous et profitez d\u2019un voyage de chasse avec votre famille. Offrez-vous un s\u00e9jour merveilleux dans un h\u00f4tel 5 \u00e9toiles dans un pays magnifique et accueillant. Le Chasseur Mauricien s\u2019occupe de tout, de votre arriv\u00e9e \u00e0 votre d\u00e9part.<\/p><p data-start=\"1201\" data-end=\"1274\">Profitez d\u2019un s\u00e9jour unique, tout compris et luxueux \u00e0 tarif forfaitaire.<\/p><p data-start=\"1276\" data-end=\"1730\" data-is-last-node=\"\" data-is-only-node=\"\">Les forfaits propos\u00e9s incluent un guide professionnel exclusif, l\u00e9galement autoris\u00e9 \u00e0 recevoir, organiser et guider les clients \u00e0 Maurice, au meilleur prix, sans soucis, sans co\u00fbts cach\u00e9s et sans mauvaises surprises \u00e0 la fin de la journ\u00e9e. Un client satisfait attire d&rsquo;autres clients, et c&rsquo;est ce qui explique notre r\u00e9putation. Plus de 500 clients nous ont accord\u00e9 leur confiance et c\u2019est principalement parce que nous offrons ce que nous avons promis&#8230;<\/p>\t\t\t\t\t\t\t\t<\/div>\n\t\t\t\t<\/div>\n\t\t\t\t\t<\/div>\n\t\t<\/div>\n\t\t\t\t\t<\/div>\n\t\t<\/section>\n\t\t\t\t<\/div>\n\t\t","protected":false},"excerpt":{"rendered":"<p>Le Chasseur Mauricien Le Chasseur Mauricien est la plus ancienne entreprise de chasse \u00e0 Maurice et reste le leader depuis sa cr\u00e9ation&#8230; Chassez le cerf Rusa (Cervus rusa timorensis) \u00e0 Maurice, le sanglier, le faisan, le Francolin Indien, le li\u00e8vre japonais, qui sont notre sp\u00e9cialit\u00e9. Nous sommes ici pour vous guider et \u00eatre \u00e0 votre [&hellip;]<\/p>\n","protected":false},"author":1,"featured_media":0,"parent":0,"menu_order":0,"comment_status":"closed","ping_status":"closed","template":"elementor_header_footer","meta":{"_acf_changed":false,"footnotes":""},"class_list":["post-987","page","type-page","status-publish","hentry"],"acf":[],"yoast_head":"<!-- This site is optimized with the Yoast SEO plugin v24.5 - https:\/\/yoast.com\/wordpress\/plugins\/seo\/ -->\n<title>A propos de nous - Le Chasseur Mauricien<\/title>\n<meta name=\"robots\" content=\"index, follow, max-snippet:-1, max-image-preview:large, max-video-preview:-1\" \/>\n<link rel=\"canonical\" href=\"https:\/\/www.lechasseurmauricien.com\/fr\/tout-savoir-sur-le-chasseur-mauricien\/\" \/>\n<meta property=\"og:locale\" content=\"fr_FR\" \/>\n<meta property=\"og:type\" content=\"article\" \/>\n<meta property=\"og:title\" content=\"A propos de nous - Le Chasseur Mauricien\" \/>\n<meta property=\"og:description\" content=\"Le Chasseur Mauricien Le Chasseur Mauricien est la plus ancienne entreprise de chasse \u00e0 Maurice et reste le leader depuis sa cr\u00e9ation&#8230; Chassez le cerf Rusa (Cervus rusa timorensis) \u00e0 Maurice, le sanglier, le faisan, le Francolin Indien, le li\u00e8vre japonais, qui sont notre sp\u00e9cialit\u00e9. Nous sommes ici pour vous guider et \u00eatre \u00e0 votre [&hellip;]\" \/>\n<meta property=\"og:url\" content=\"https:\/\/www.lechasseurmauricien.com\/fr\/tout-savoir-sur-le-chasseur-mauricien\/\" \/>\n<meta property=\"og:site_name\" content=\"Le Chasseur Mauricien\" \/>\n<meta property=\"article:publisher\" content=\"https:\/\/www.facebook.com\/Le-Chasseur-Mauricien-173958262616190\/\" \/>\n<meta property=\"article:modified_time\" content=\"2025-03-02T14:02:00+00:00\" \/>\n<meta name=\"twitter:card\" content=\"summary_large_image\" \/>\n<meta name=\"twitter:label1\" content=\"Dur\u00e9e de lecture estim\u00e9e\" \/>\n\t<meta name=\"twitter:data1\" content=\"2 minutes\" \/>\n<script type=\"application\/ld+json\" class=\"yoast-schema-graph\">{\"@context\":\"https:\/\/schema.org\",\"@graph\":[{\"@type\":\"WebPage\",\"@id\":\"https:\/\/www.lechasseurmauricien.com\/fr\/tout-savoir-sur-le-chasseur-mauricien\/\",\"url\":\"https:\/\/www.lechasseurmauricien.com\/fr\/tout-savoir-sur-le-chasseur-mauricien\/\",\"name\":\"A propos de nous - Le Chasseur Mauricien\",\"isPartOf\":{\"@id\":\"https:\/\/www.lechasseurmauricien.com\/#website\"},\"datePublished\":\"2017-12-26T18:24:42+00:00\",\"dateModified\":\"2025-03-02T14:02:00+00:00\",\"breadcrumb\":{\"@id\":\"https:\/\/www.lechasseurmauricien.com\/fr\/tout-savoir-sur-le-chasseur-mauricien\/#breadcrumb\"},\"inLanguage\":\"fr-FR\",\"potentialAction\":[{\"@type\":\"ReadAction\",\"target\":[\"https:\/\/www.lechasseurmauricien.com\/fr\/tout-savoir-sur-le-chasseur-mauricien\/\"]}]},{\"@type\":\"BreadcrumbList\",\"@id\":\"https:\/\/www.lechasseurmauricien.com\/fr\/tout-savoir-sur-le-chasseur-mauricien\/#breadcrumb\",\"itemListElement\":[{\"@type\":\"ListItem\",\"position\":1,\"name\":\"Home\",\"item\":\"https:\/\/www.lechasseurmauricien.com\/fr\/\"},{\"@type\":\"ListItem\",\"position\":2,\"name\":\"A propos de nous\"}]},{\"@type\":\"WebSite\",\"@id\":\"https:\/\/www.lechasseurmauricien.com\/#website\",\"url\":\"https:\/\/www.lechasseurmauricien.com\/\",\"name\":\"Le Chasseur Mauricien\",\"description\":\"Hunting in Mauritius\",\"potentialAction\":[{\"@type\":\"SearchAction\",\"target\":{\"@type\":\"EntryPoint\",\"urlTemplate\":\"https:\/\/www.lechasseurmauricien.com\/?s={search_term_string}\"},\"query-input\":{\"@type\":\"PropertyValueSpecification\",\"valueRequired\":true,\"valueName\":\"search_term_string\"}}],\"inLanguage\":\"fr-FR\"}]}<\/script>\n<!-- \/ Yoast SEO plugin. -->","yoast_head_json":{"title":"A propos de nous - Le Chasseur Mauricien","robots":{"index":"index","follow":"follow","max-snippet":"max-snippet:-1","max-image-preview":"max-image-preview:large","max-video-preview":"max-video-preview:-1"},"canonical":"https:\/\/www.lechasseurmauricien.com\/fr\/tout-savoir-sur-le-chasseur-mauricien\/","og_locale":"fr_FR","og_type":"article","og_title":"A propos de nous - Le Chasseur Mauricien","og_description":"Le Chasseur Mauricien Le Chasseur Mauricien est la plus ancienne entreprise de chasse \u00e0 Maurice et reste le leader depuis sa cr\u00e9ation&#8230; Chassez le cerf Rusa (Cervus rusa timorensis) \u00e0 Maurice, le sanglier, le faisan, le Francolin Indien, le li\u00e8vre japonais, qui sont notre sp\u00e9cialit\u00e9. Nous sommes ici pour vous guider et \u00eatre \u00e0 votre [&hellip;]","og_url":"https:\/\/www.lechasseurmauricien.com\/fr\/tout-savoir-sur-le-chasseur-mauricien\/","og_site_name":"Le Chasseur Mauricien","article_publisher":"https:\/\/www.facebook.com\/Le-Chasseur-Mauricien-173958262616190\/","article_modified_time":"2025-03-02T14:02:00+00:00","twitter_card":"summary_large_image","twitter_misc":{"Dur\u00e9e de lecture estim\u00e9e":"2 minutes"},"schema":{"@context":"https:\/\/schema.org","@graph":[{"@type":"WebPage","@id":"https:\/\/www.lechasseurmauricien.com\/fr\/tout-savoir-sur-le-chasseur-mauricien\/","url":"https:\/\/www.lechasseurmauricien.com\/fr\/tout-savoir-sur-le-chasseur-mauricien\/","name":"A propos de nous - Le Chasseur Mauricien","isPartOf":{"@id":"https:\/\/www.lechasseurmauricien.com\/#website"},"datePublished":"2017-12-26T18:24:42+00:00","dateModified":"2025-03-02T14:02:00+00:00","breadcrumb":{"@id":"https:\/\/www.lechasseurmauricien.com\/fr\/tout-savoir-sur-le-chasseur-mauricien\/#breadcrumb"},"inLanguage":"fr-FR","potentialAction":[{"@type":"ReadAction","target":["https:\/\/www.lechasseurmauricien.com\/fr\/tout-savoir-sur-le-chasseur-mauricien\/"]}]},{"@type":"BreadcrumbList","@id":"https:\/\/www.lechasseurmauricien.com\/fr\/tout-savoir-sur-le-chasseur-mauricien\/#breadcrumb","itemListElement":[{"@type":"ListItem","position":1,"name":"Home","item":"https:\/\/www.lechasseurmauricien.com\/fr\/"},{"@type":"ListItem","position":2,"name":"A propos de nous"}]},{"@type":"WebSite","@id":"https:\/\/www.lechasseurmauricien.com\/#website","url":"https:\/\/www.lechasseurmauricien.com\/","name":"Le Chasseur Mauricien","description":"Hunting in Mauritius","potentialAction":[{"@type":"SearchAction","target":{"@type":"EntryPoint","urlTemplate":"https:\/\/www.lechasseurmauricien.com\/?s={search_term_string}"},"query-input":{"@type":"PropertyValueSpecification","valueRequired":true,"valueName":"search_term_string"}}],"inLanguage":"fr-FR"}]}},"_links":{"self":[{"href":"https:\/\/www.lechasseurmauricien.com\/fr\/wp-json\/wp\/v2\/pages\/987","targetHints":{"allow":["GET"]}}],"collection":[{"href":"https:\/\/www.lechasseurmauricien.com\/fr\/wp-json\/wp\/v2\/pages"}],"about":[{"href":"https:\/\/www.lechasseurmauricien.com\/fr\/wp-json\/wp\/v2\/types\/page"}],"author":[{"embeddable":true,"href":"https:\/\/www.lechasseurmauricien.com\/fr\/wp-json\/wp\/v2\/users\/1"}],"replies":[{"embeddable":true,"href":"https:\/\/www.lechasseurmauricien.com\/fr\/wp-json\/wp\/v2\/comments?post=987"}],"version-history":[{"count":7,"href":"https:\/\/www.lechasseurmauricien.com\/fr\/wp-json\/wp\/v2\/pages\/987\/revisions"}],"predecessor-version":[{"id":3629,"href":"https:\/\/www.lechasseurmauricien.com\/fr\/wp-json\/wp\/v2\/pages\/987\/revisions\/3629"}],"wp:attachment":[{"href":"https:\/\/www.lechasseurmauricien.com\/fr\/wp-json\/wp\/v2\/media?parent=987"}],"curies":[{"name":"wp","href":"https:\/\/api.w.org\/{rel}","templated":true}]}}