{"id":3653,"date":"2017-12-26T07:34:41","date_gmt":"2017-12-26T07:34:41","guid":{"rendered":"https:\/\/www.lechasseurmauricien.com\/hunting-big-game-in-mauritius\/"},"modified":"2025-03-02T18:49:26","modified_gmt":"2025-03-02T14:49:26","slug":"chasse-aux-gros-gibiers","status":"publish","type":"page","link":"https:\/\/www.lechasseurmauricien.com\/fr\/chasse-aux-gros-gibiers\/","title":{"rendered":"Chasse aux Gros Gibiers \u00e0 Maurice"},"content":{"rendered":"\t\t<div data-elementor-type=\"wp-page\" data-elementor-id=\"3653\" class=\"elementor elementor-3653 elementor-113\" data-elementor-post-type=\"page\">\n\t\t\t\t\t\t<section class=\"elementor-section elementor-top-section elementor-element elementor-element-cdd7a32 elementor-section-height-min-height elementor-section-boxed elementor-section-height-default elementor-section-items-middle\" data-id=\"cdd7a32\" data-element_type=\"section\" data-settings=\"{&quot;background_background&quot;:&quot;classic&quot;}\">\n\t\t\t\t\t\t<div class=\"elementor-container elementor-column-gap-default\">\n\t\t\t\t\t<div class=\"elementor-column elementor-col-100 elementor-top-column elementor-element elementor-element-17616f1\" data-id=\"17616f1\" data-element_type=\"column\">\n\t\t\t<div class=\"elementor-widget-wrap\">\n\t\t\t\t\t\t\t<\/div>\n\t\t<\/div>\n\t\t\t\t\t<\/div>\n\t\t<\/section>\n\t\t\t\t<section class=\"elementor-section elementor-top-section elementor-element elementor-element-9dc7e9e elementor-section-boxed elementor-section-height-default elementor-section-height-default\" data-id=\"9dc7e9e\" data-element_type=\"section\" data-settings=\"{&quot;background_background&quot;:&quot;classic&quot;}\">\n\t\t\t\t\t\t<div class=\"elementor-container elementor-column-gap-default\">\n\t\t\t\t\t<div class=\"elementor-column elementor-col-100 elementor-top-column elementor-element elementor-element-69ec869\" data-id=\"69ec869\" data-element_type=\"column\">\n\t\t\t<div class=\"elementor-widget-wrap elementor-element-populated\">\n\t\t\t\t\t\t<div class=\"elementor-element elementor-element-c90f4fb elementor-widget elementor-widget-heading\" data-id=\"c90f4fb\" data-element_type=\"widget\" data-widget_type=\"heading.default\">\n\t\t\t\t<div class=\"elementor-widget-container\">\n\t\t\t\t\t<h1 class=\"elementor-heading-title elementor-size-default\">Chasse aux Gros Gibiers \u00e0 Maurice<\/h1>\t\t\t\t<\/div>\n\t\t\t\t<\/div>\n\t\t\t\t\t<\/div>\n\t\t<\/div>\n\t\t\t\t\t<\/div>\n\t\t<\/section>\n\t\t\t\t<section class=\"elementor-section elementor-top-section elementor-element elementor-element-6bf08e8 elementor-section-boxed elementor-section-height-default elementor-section-height-default\" data-id=\"6bf08e8\" data-element_type=\"section\" data-settings=\"{&quot;background_background&quot;:&quot;classic&quot;}\">\n\t\t\t\t\t\t<div class=\"elementor-container elementor-column-gap-default\">\n\t\t\t\t\t<div class=\"elementor-column elementor-col-50 elementor-top-column elementor-element elementor-element-6e38cbd\" data-id=\"6e38cbd\" data-element_type=\"column\">\n\t\t\t<div class=\"elementor-widget-wrap elementor-element-populated\">\n\t\t\t\t\t\t<div class=\"elementor-element elementor-element-b449a2f elementor-pagination-position-outside elementor-widget elementor-widget-image-carousel\" data-id=\"b449a2f\" data-element_type=\"widget\" data-settings=\"{&quot;slides_to_show&quot;:&quot;1&quot;,&quot;navigation&quot;:&quot;dots&quot;,&quot;autoplay&quot;:&quot;yes&quot;,&quot;pause_on_hover&quot;:&quot;yes&quot;,&quot;pause_on_interaction&quot;:&quot;yes&quot;,&quot;autoplay_speed&quot;:5000,&quot;infinite&quot;:&quot;yes&quot;,&quot;effect&quot;:&quot;slide&quot;,&quot;speed&quot;:500}\" data-widget_type=\"image-carousel.default\">\n\t\t\t\t<div class=\"elementor-widget-container\">\n\t\t\t\t\t\t\t<div class=\"elementor-image-carousel-wrapper swiper\" role=\"region\" aria-roledescription=\"carousel\" aria-label=\"Image Carousel\" dir=\"ltr\">\n\t\t\t<div class=\"elementor-image-carousel swiper-wrapper\" aria-live=\"off\">\n\t\t\t\t\t\t\t\t<div class=\"swiper-slide\" role=\"group\" aria-roledescription=\"slide\" aria-label=\"1 sur 5\"><figure class=\"swiper-slide-inner\"><img decoding=\"async\" class=\"swiper-slide-image\" src=\"https:\/\/www.lechasseurmauricien.com\/wp-content\/uploads\/elementor\/thumbs\/IMG-20211004-WA0012-qmzbjhg3dfo70jigst6ok4og7ihowjg53xz9xg4034.jpg\" alt=\"IMG-20211004-WA0012\" \/><\/figure><\/div><div class=\"swiper-slide\" role=\"group\" aria-roledescription=\"slide\" aria-label=\"2 sur 5\"><figure class=\"swiper-slide-inner\"><img decoding=\"async\" class=\"swiper-slide-image\" src=\"https:\/\/www.lechasseurmauricien.com\/wp-content\/uploads\/elementor\/thumbs\/IMG-20211004-WA0013-qmzbjhg3dfo70jigst6ok4og7ihowjg53xz9xg4034.jpg\" alt=\"IMG-20211004-WA0013\" \/><\/figure><\/div><div class=\"swiper-slide\" role=\"group\" aria-roledescription=\"slide\" aria-label=\"3 sur 5\"><figure class=\"swiper-slide-inner\"><img decoding=\"async\" class=\"swiper-slide-image\" src=\"https:\/\/www.lechasseurmauricien.com\/wp-content\/uploads\/elementor\/thumbs\/IMG-20211103-WA0006-qmzbjhg3dfo70jigst6ok4og7ihowjg53xz9xg4034.jpg\" alt=\"IMG-20211103-WA0006\" \/><\/figure><\/div><div class=\"swiper-slide\" role=\"group\" aria-roledescription=\"slide\" aria-label=\"4 sur 5\"><figure class=\"swiper-slide-inner\"><img decoding=\"async\" class=\"swiper-slide-image\" src=\"https:\/\/www.lechasseurmauricien.com\/wp-content\/uploads\/elementor\/thumbs\/IMG-20211115-WA0015-qmzbjidxk9phc5h3nblb4mfwswd248jvg2mreq2lww.jpg\" alt=\"IMG-20211115-WA0015\" \/><\/figure><\/div><div class=\"swiper-slide\" role=\"group\" aria-roledescription=\"slide\" aria-label=\"5 sur 5\"><figure class=\"swiper-slide-inner\"><img decoding=\"async\" class=\"swiper-slide-image\" src=\"https:\/\/www.lechasseurmauricien.com\/wp-content\/uploads\/elementor\/thumbs\/IMG-20211016-WA0002-qmzbjhg3dfo70jigst6ok4og7ihowjg53xz9xg4034.jpg\" alt=\"IMG-20211016-WA0002\" \/><\/figure><\/div>\t\t\t<\/div>\n\t\t\t\t\t\t\t\n\t\t\t\t\t\t\t\t\t<div class=\"swiper-pagination\"><\/div>\n\t\t\t\t\t\t\t\t\t<\/div>\n\t\t\t\t\t\t<\/div>\n\t\t\t\t<\/div>\n\t\t\t\t\t<\/div>\n\t\t<\/div>\n\t\t\t\t<div class=\"elementor-column elementor-col-50 elementor-top-column elementor-element elementor-element-5424af1\" data-id=\"5424af1\" data-element_type=\"column\">\n\t\t\t<div class=\"elementor-widget-wrap elementor-element-populated\">\n\t\t\t\t\t\t<div class=\"elementor-element elementor-element-65abfe2 elementor-widget elementor-widget-text-editor\" data-id=\"65abfe2\" data-element_type=\"widget\" data-widget_type=\"text-editor.default\">\n\t\t\t\t<div class=\"elementor-widget-container\">\n\t\t\t\t\t\t\t\t\t<p data-start=\"0\" data-end=\"342\">Les traques se font souvent l&rsquo;apr\u00e8s-midi, apr\u00e8s le d\u00e9jeuner pris avec votre guide, car les animaux sont g\u00e9n\u00e9ralement dans les bois le matin, sauf pendant la p\u00e9riode du rut. Quant aux chasseurs \u00e0 l&rsquo;arc, nous partons t\u00f4t le matin, mais la chasse n&rsquo;est efficace que pendant 1 heure avant que les animaux ne retournent dans les bois pour ruminer.<\/p><p data-start=\"344\" data-end=\"750\">Nous chassons dans les meilleures zones et avons une exclusivit\u00e9 totale. Les 54 plus grands troph\u00e9es mondiaux proviennent de NOS territoires et ont tous \u00e9t\u00e9 pris par nos clients. Cependant, le troph\u00e9e n&rsquo;est pas ce qui importe le plus. Ce qui compte avant tout, c&rsquo;est l&rsquo;acte, l&rsquo;\u00e9motion ressentie et le d\u00e9sir de remporter ce jeu. Avoir un cerf unique, ancien et de haute qualit\u00e9 fait \u00e9galement partie du jeu\u2026<\/p><p data-start=\"752\" data-end=\"1344\">Nous disposons de plus de 9000 hectares r\u00e9partis en trois zones de chasse. Situ\u00e9es \u00e0 5 minutes en voiture de votre h\u00f4tel, cette vaste \u00e9tendue vous s\u00e9duira par un climat et un habitat remarquables et uniques \u00e0 Maurice. Situ\u00e9es devant un lagon turquoise, entre for\u00eats primaires et plaines, les terres sont vallonn\u00e9es, mais restent accessibles. Votre guide est l\u00e0 pour vous aider et s&rsquo;adaptera \u00e0 votre rythme pour vous faire d\u00e9couvrir les plus beaux endroits. L&rsquo;objectif de l&rsquo;approche est de vous placer, ainsi que l&rsquo;animal, le plus pr\u00e8s possible de la port\u00e9e et aussi identifiable que possible.<\/p><p data-start=\"1346\" data-end=\"1569\">4 Blaser R8 en calibre 30.06 sont toutes \u00e9quip\u00e9es de la derni\u00e8re lunette MINOX. Elles vous seront gracieusement pr\u00eat\u00e9es afin que vous n&rsquo;ayez pas besoin d&rsquo;apporter vos propres fusils. C&rsquo;est ainsi que cela se passe \u00e0 Maurice.<\/p><p data-start=\"1571\" data-end=\"1831\" data-is-last-node=\"\" data-is-only-node=\"\">Chasser avec Le Chasseur Mauricien, ce n&rsquo;est pas seulement tuer les animaux, mais lors de vos sorties, vous d\u00e9couvrirez \u00e9galement notre faune ainsi que notre flore exotique et end\u00e9mique, ce qui est notre engagement envers vous et la volont\u00e9 de notre structure.<\/p>\t\t\t\t\t\t\t\t<\/div>\n\t\t\t\t<\/div>\n\t\t\t\t<div class=\"elementor-element elementor-element-72cc871 elementor-widget elementor-widget-heading\" data-id=\"72cc871\" data-element_type=\"widget\" data-widget_type=\"heading.default\">\n\t\t\t\t<div class=\"elementor-widget-container\">\n\t\t\t\t\t<h2 class=\"elementor-heading-title elementor-size-default\">GREAT GAME ON HIGH SEATS<\/h2>\t\t\t\t<\/div>\n\t\t\t\t<\/div>\n\t\t\t\t<div class=\"elementor-element elementor-element-e3abc28 elementor-widget elementor-widget-text-editor\" data-id=\"e3abc28\" data-element_type=\"widget\" data-widget_type=\"text-editor.default\">\n\t\t\t\t<div class=\"elementor-widget-container\">\n\t\t\t\t\t\t\t\t\t<p data-start=\"0\" data-end=\"630\">Pour les chasseurs pr\u00e9f\u00e9rant les miradors ou pour ceux \u00e0 mobilit\u00e9 r\u00e9duite, nous disposons de plus de 250 tours d\u2019observation que nous construisons ou r\u00e9novons tous les 3 ans. Elles sont plac\u00e9es sur les passages habituels des animaux ou sur de vastes prairies de p\u00e2turage. Votre guide sait appeler les grands cerfs en imitant le brame du cerf pendant les p\u00e9riodes de reproduction ou en reproduisant le cri de la biche, une technique \u00e9galement tr\u00e8s efficace. Cependant, la densit\u00e9 de la population de cerfs Rusa sur nos territoires vous permettra, sans aucun doute, d&rsquo;observer de nombreux cerfs, pour votre plus grande satisfaction.<\/p><p data-start=\"632\" data-end=\"957\" data-is-last-node=\"\" data-is-only-node=\"\">Les glandes odorif\u00e9rantes du cerf Rusa sont similaires \u00e0 celles du cerf \u00e9laphe local. Elles sont situ\u00e9es aux m\u00eames endroits : sur les pattes arri\u00e8re (la brosse), entre les doigts (interdigitales), sur la goutti\u00e8re nasale, sous les maxillaires inf\u00e9rieurs, entre les pivots, autour de l\u2019anus et \u00e0 l\u2019intersection des mandibules.<\/p>\t\t\t\t\t\t\t\t<\/div>\n\t\t\t\t<\/div>\n\t\t\t\t<div class=\"elementor-element elementor-element-fb0133b elementor-widget elementor-widget-heading\" data-id=\"fb0133b\" data-element_type=\"widget\" data-widget_type=\"heading.default\">\n\t\t\t\t<div class=\"elementor-widget-container\">\n\t\t\t\t\t<h2 class=\"elementor-heading-title elementor-size-default\">DRIVEN HUNTS<\/h2>\t\t\t\t<\/div>\n\t\t\t\t<\/div>\n\t\t\t\t<div class=\"elementor-element elementor-element-d82ae1b elementor-widget elementor-widget-text-editor\" data-id=\"d82ae1b\" data-element_type=\"widget\" data-widget_type=\"text-editor.default\">\n\t\t\t\t<div class=\"elementor-widget-container\">\n\t\t\t\t\t\t\t\t\t<p data-start=\"0\" data-end=\"387\">La chasse en battue est une tradition \u00e0 Maurice, pratiqu\u00e9e depuis pr\u00e8s de 150 ans. La densit\u00e9 de cerfs est aujourd&rsquo;hui un atout majeur pour tous les passionn\u00e9s de chasse en battue. L&rsquo;hospitalit\u00e9 mauricienne, associ\u00e9e \u00e0 cette tradition, vous laissera sans voix et vous donnera envie de replonger au rythme des chiens et des rabatteurs criant le \u00ab halalila \u00bb lors d&rsquo;une battue \u00e0 Maurice.<\/p><p data-start=\"389\" data-end=\"617\" data-is-last-node=\"\" data-is-only-node=\"\">Le \u00ab quota \u00bb attribu\u00e9 \u00e0 chaque chasseur comprend un daguet, une jeune biche et un cochon marron, quelle que soit la taille du troph\u00e9e. Chaque chasseur peut \u00e9galement pr\u00e9lever d&rsquo;autres animaux moyennant des frais suppl\u00e9mentaires.<\/p>\t\t\t\t\t\t\t\t<\/div>\n\t\t\t\t<\/div>\n\t\t\t\t\t<\/div>\n\t\t<\/div>\n\t\t\t\t\t<\/div>\n\t\t<\/section>\n\t\t\t\t<\/div>\n\t\t","protected":false},"excerpt":{"rendered":"<p>Chasse aux Gros Gibiers \u00e0 Maurice Les traques se font souvent l&rsquo;apr\u00e8s-midi, apr\u00e8s le d\u00e9jeuner pris avec votre guide, car les animaux sont g\u00e9n\u00e9ralement dans les bois le matin, sauf pendant la p\u00e9riode du rut. Quant aux chasseurs \u00e0 l&rsquo;arc, nous partons t\u00f4t le matin, mais la chasse n&rsquo;est efficace que pendant 1 heure avant [&hellip;]<\/p>\n","protected":false},"author":1,"featured_media":0,"parent":0,"menu_order":0,"comment_status":"closed","ping_status":"closed","template":"elementor_header_footer","meta":{"_acf_changed":false,"footnotes":""},"class_list":["post-3653","page","type-page","status-publish","hentry"],"acf":[],"yoast_head":"<!-- This site is optimized with the Yoast SEO plugin v24.5 - https:\/\/yoast.com\/wordpress\/plugins\/seo\/ -->\n<title>Chasse aux Gros Gibiers \u00e0 Maurice<\/title>\n<meta name=\"description\" content=\"Hunting Big Game with Le Chasseur Mauricien is not just killing the animals but during your outings, you will also discover our wildlife and our exotic and endemic flora which is our commitment to you and willingness on the part of our structure.\" \/>\n<meta name=\"robots\" content=\"index, follow, max-snippet:-1, max-image-preview:large, max-video-preview:-1\" \/>\n<link rel=\"canonical\" href=\"https:\/\/www.lechasseurmauricien.com\/fr\/chasse-aux-gros-gibiers\/\" \/>\n<meta property=\"og:locale\" content=\"fr_FR\" \/>\n<meta property=\"og:type\" content=\"article\" \/>\n<meta property=\"og:title\" content=\"Chasse aux Gros Gibiers \u00e0 Maurice\" \/>\n<meta property=\"og:description\" content=\"Hunting Big Game with Le Chasseur Mauricien is not just killing the animals but during your outings, you will also discover our wildlife and our exotic and endemic flora which is our commitment to you and willingness on the part of our structure.\" \/>\n<meta property=\"og:url\" content=\"https:\/\/www.lechasseurmauricien.com\/fr\/chasse-aux-gros-gibiers\/\" \/>\n<meta property=\"og:site_name\" content=\"Le Chasseur Mauricien\" \/>\n<meta property=\"article:publisher\" content=\"https:\/\/www.facebook.com\/Le-Chasseur-Mauricien-173958262616190\/\" \/>\n<meta property=\"article:modified_time\" content=\"2025-03-02T14:49:26+00:00\" \/>\n<meta property=\"og:image\" content=\"https:\/\/www.lechasseurmauricien.com\/wp-content\/uploads\/elementor\/thumbs\/IMG-20211004-WA0012-qmzbjhg3dfo70jigst6ok4og7ihowjg53xz9xg4034.jpg\" \/>\n<meta name=\"twitter:card\" content=\"summary_large_image\" \/>\n<meta name=\"twitter:label1\" content=\"Dur\u00e9e de lecture estim\u00e9e\" \/>\n\t<meta name=\"twitter:data1\" content=\"5 minutes\" \/>\n<script type=\"application\/ld+json\" class=\"yoast-schema-graph\">{\"@context\":\"https:\/\/schema.org\",\"@graph\":[{\"@type\":\"WebPage\",\"@id\":\"https:\/\/www.lechasseurmauricien.com\/fr\/chasse-aux-gros-gibiers\/\",\"url\":\"https:\/\/www.lechasseurmauricien.com\/fr\/chasse-aux-gros-gibiers\/\",\"name\":\"Chasse aux Gros Gibiers \u00e0 Maurice\",\"isPartOf\":{\"@id\":\"https:\/\/www.lechasseurmauricien.com\/#website\"},\"primaryImageOfPage\":{\"@id\":\"https:\/\/www.lechasseurmauricien.com\/fr\/chasse-aux-gros-gibiers\/#primaryimage\"},\"image\":{\"@id\":\"https:\/\/www.lechasseurmauricien.com\/fr\/chasse-aux-gros-gibiers\/#primaryimage\"},\"thumbnailUrl\":\"https:\/\/www.lechasseurmauricien.com\/wp-content\/uploads\/elementor\/thumbs\/IMG-20211004-WA0012-qmzbjhg3dfo70jigst6ok4og7ihowjg53xz9xg4034.jpg\",\"datePublished\":\"2017-12-26T07:34:41+00:00\",\"dateModified\":\"2025-03-02T14:49:26+00:00\",\"description\":\"Hunting Big Game with Le Chasseur Mauricien is not just killing the animals but during your outings, you will also discover our wildlife and our exotic and endemic flora which is our commitment to you and willingness on the part of our structure.\",\"breadcrumb\":{\"@id\":\"https:\/\/www.lechasseurmauricien.com\/fr\/chasse-aux-gros-gibiers\/#breadcrumb\"},\"inLanguage\":\"fr-FR\",\"potentialAction\":[{\"@type\":\"ReadAction\",\"target\":[\"https:\/\/www.lechasseurmauricien.com\/fr\/chasse-aux-gros-gibiers\/\"]}]},{\"@type\":\"ImageObject\",\"inLanguage\":\"fr-FR\",\"@id\":\"https:\/\/www.lechasseurmauricien.com\/fr\/chasse-aux-gros-gibiers\/#primaryimage\",\"url\":\"https:\/\/www.lechasseurmauricien.com\/wp-content\/uploads\/elementor\/thumbs\/IMG-20211004-WA0012-qmzbjhg3dfo70jigst6ok4og7ihowjg53xz9xg4034.jpg\",\"contentUrl\":\"https:\/\/www.lechasseurmauricien.com\/wp-content\/uploads\/elementor\/thumbs\/IMG-20211004-WA0012-qmzbjhg3dfo70jigst6ok4og7ihowjg53xz9xg4034.jpg\"},{\"@type\":\"BreadcrumbList\",\"@id\":\"https:\/\/www.lechasseurmauricien.com\/fr\/chasse-aux-gros-gibiers\/#breadcrumb\",\"itemListElement\":[{\"@type\":\"ListItem\",\"position\":1,\"name\":\"Home\",\"item\":\"https:\/\/www.lechasseurmauricien.com\/fr\/\"},{\"@type\":\"ListItem\",\"position\":2,\"name\":\"Chasse aux Gros Gibiers \u00e0 Maurice\"}]},{\"@type\":\"WebSite\",\"@id\":\"https:\/\/www.lechasseurmauricien.com\/#website\",\"url\":\"https:\/\/www.lechasseurmauricien.com\/\",\"name\":\"Le Chasseur Mauricien\",\"description\":\"Hunting in Mauritius\",\"potentialAction\":[{\"@type\":\"SearchAction\",\"target\":{\"@type\":\"EntryPoint\",\"urlTemplate\":\"https:\/\/www.lechasseurmauricien.com\/?s={search_term_string}\"},\"query-input\":{\"@type\":\"PropertyValueSpecification\",\"valueRequired\":true,\"valueName\":\"search_term_string\"}}],\"inLanguage\":\"fr-FR\"}]}<\/script>\n<!-- \/ Yoast SEO plugin. -->","yoast_head_json":{"title":"Chasse aux Gros Gibiers \u00e0 Maurice","description":"Hunting Big Game with Le Chasseur Mauricien is not just killing the animals but during your outings, you will also discover our wildlife and our exotic and endemic flora which is our commitment to you and willingness on the part of our structure.","robots":{"index":"index","follow":"follow","max-snippet":"max-snippet:-1","max-image-preview":"max-image-preview:large","max-video-preview":"max-video-preview:-1"},"canonical":"https:\/\/www.lechasseurmauricien.com\/fr\/chasse-aux-gros-gibiers\/","og_locale":"fr_FR","og_type":"article","og_title":"Chasse aux Gros Gibiers \u00e0 Maurice","og_description":"Hunting Big Game with Le Chasseur Mauricien is not just killing the animals but during your outings, you will also discover our wildlife and our exotic and endemic flora which is our commitment to you and willingness on the part of our structure.","og_url":"https:\/\/www.lechasseurmauricien.com\/fr\/chasse-aux-gros-gibiers\/","og_site_name":"Le Chasseur Mauricien","article_publisher":"https:\/\/www.facebook.com\/Le-Chasseur-Mauricien-173958262616190\/","article_modified_time":"2025-03-02T14:49:26+00:00","og_image":[{"url":"https:\/\/www.lechasseurmauricien.com\/wp-content\/uploads\/elementor\/thumbs\/IMG-20211004-WA0012-qmzbjhg3dfo70jigst6ok4og7ihowjg53xz9xg4034.jpg","type":"","width":"","height":""}],"twitter_card":"summary_large_image","twitter_misc":{"Dur\u00e9e de lecture estim\u00e9e":"5 minutes"},"schema":{"@context":"https:\/\/schema.org","@graph":[{"@type":"WebPage","@id":"https:\/\/www.lechasseurmauricien.com\/fr\/chasse-aux-gros-gibiers\/","url":"https:\/\/www.lechasseurmauricien.com\/fr\/chasse-aux-gros-gibiers\/","name":"Chasse aux Gros Gibiers \u00e0 Maurice","isPartOf":{"@id":"https:\/\/www.lechasseurmauricien.com\/#website"},"primaryImageOfPage":{"@id":"https:\/\/www.lechasseurmauricien.com\/fr\/chasse-aux-gros-gibiers\/#primaryimage"},"image":{"@id":"https:\/\/www.lechasseurmauricien.com\/fr\/chasse-aux-gros-gibiers\/#primaryimage"},"thumbnailUrl":"https:\/\/www.lechasseurmauricien.com\/wp-content\/uploads\/elementor\/thumbs\/IMG-20211004-WA0012-qmzbjhg3dfo70jigst6ok4og7ihowjg53xz9xg4034.jpg","datePublished":"2017-12-26T07:34:41+00:00","dateModified":"2025-03-02T14:49:26+00:00","description":"Hunting Big Game with Le Chasseur Mauricien is not just killing the animals but during your outings, you will also discover our wildlife and our exotic and endemic flora which is our commitment to you and willingness on the part of our structure.","breadcrumb":{"@id":"https:\/\/www.lechasseurmauricien.com\/fr\/chasse-aux-gros-gibiers\/#breadcrumb"},"inLanguage":"fr-FR","potentialAction":[{"@type":"ReadAction","target":["https:\/\/www.lechasseurmauricien.com\/fr\/chasse-aux-gros-gibiers\/"]}]},{"@type":"ImageObject","inLanguage":"fr-FR","@id":"https:\/\/www.lechasseurmauricien.com\/fr\/chasse-aux-gros-gibiers\/#primaryimage","url":"https:\/\/www.lechasseurmauricien.com\/wp-content\/uploads\/elementor\/thumbs\/IMG-20211004-WA0012-qmzbjhg3dfo70jigst6ok4og7ihowjg53xz9xg4034.jpg","contentUrl":"https:\/\/www.lechasseurmauricien.com\/wp-content\/uploads\/elementor\/thumbs\/IMG-20211004-WA0012-qmzbjhg3dfo70jigst6ok4og7ihowjg53xz9xg4034.jpg"},{"@type":"BreadcrumbList","@id":"https:\/\/www.lechasseurmauricien.com\/fr\/chasse-aux-gros-gibiers\/#breadcrumb","itemListElement":[{"@type":"ListItem","position":1,"name":"Home","item":"https:\/\/www.lechasseurmauricien.com\/fr\/"},{"@type":"ListItem","position":2,"name":"Chasse aux Gros Gibiers \u00e0 Maurice"}]},{"@type":"WebSite","@id":"https:\/\/www.lechasseurmauricien.com\/#website","url":"https:\/\/www.lechasseurmauricien.com\/","name":"Le Chasseur Mauricien","description":"Hunting in Mauritius","potentialAction":[{"@type":"SearchAction","target":{"@type":"EntryPoint","urlTemplate":"https:\/\/www.lechasseurmauricien.com\/?s={search_term_string}"},"query-input":{"@type":"PropertyValueSpecification","valueRequired":true,"valueName":"search_term_string"}}],"inLanguage":"fr-FR"}]}},"_links":{"self":[{"href":"https:\/\/www.lechasseurmauricien.com\/fr\/wp-json\/wp\/v2\/pages\/3653","targetHints":{"allow":["GET"]}}],"collection":[{"href":"https:\/\/www.lechasseurmauricien.com\/fr\/wp-json\/wp\/v2\/pages"}],"about":[{"href":"https:\/\/www.lechasseurmauricien.com\/fr\/wp-json\/wp\/v2\/types\/page"}],"author":[{"embeddable":true,"href":"https:\/\/www.lechasseurmauricien.com\/fr\/wp-json\/wp\/v2\/users\/1"}],"replies":[{"embeddable":true,"href":"https:\/\/www.lechasseurmauricien.com\/fr\/wp-json\/wp\/v2\/comments?post=3653"}],"version-history":[{"count":4,"href":"https:\/\/www.lechasseurmauricien.com\/fr\/wp-json\/wp\/v2\/pages\/3653\/revisions"}],"predecessor-version":[{"id":3657,"href":"https:\/\/www.lechasseurmauricien.com\/fr\/wp-json\/wp\/v2\/pages\/3653\/revisions\/3657"}],"wp:attachment":[{"href":"https:\/\/www.lechasseurmauricien.com\/fr\/wp-json\/wp\/v2\/media?parent=3653"}],"curies":[{"name":"wp","href":"https:\/\/api.w.org\/{rel}","templated":true}]}}