{"id":1018,"date":"2017-12-26T08:49:40","date_gmt":"2017-12-26T08:49:40","guid":{"rendered":"https:\/\/www.lechasseurmauricien.com\/swim-with-dolphins\/"},"modified":"2025-03-02T17:55:38","modified_gmt":"2025-03-02T13:55:38","slug":"nage-avec-les-dauphins-ile-maurice","status":"publish","type":"page","link":"https:\/\/www.lechasseurmauricien.com\/fr\/nage-avec-les-dauphins-ile-maurice\/","title":{"rendered":"Nage avec les dauphins"},"content":{"rendered":"\t\t<div data-elementor-type=\"wp-page\" data-elementor-id=\"1018\" class=\"elementor elementor-1018 elementor-126\" data-elementor-post-type=\"page\">\n\t\t\t\t\t\t<section class=\"elementor-section elementor-top-section elementor-element elementor-element-473370f elementor-section-height-min-height elementor-section-boxed elementor-section-height-default elementor-section-items-middle\" data-id=\"473370f\" data-element_type=\"section\" data-settings=\"{&quot;background_background&quot;:&quot;classic&quot;}\">\n\t\t\t\t\t\t<div class=\"elementor-container elementor-column-gap-default\">\n\t\t\t\t\t<div class=\"elementor-column elementor-col-100 elementor-top-column elementor-element elementor-element-6b5c75f\" data-id=\"6b5c75f\" data-element_type=\"column\">\n\t\t\t<div class=\"elementor-widget-wrap\">\n\t\t\t\t\t\t\t<\/div>\n\t\t<\/div>\n\t\t\t\t\t<\/div>\n\t\t<\/section>\n\t\t\t\t<section class=\"elementor-section elementor-top-section elementor-element elementor-element-349a231 elementor-section-boxed elementor-section-height-default elementor-section-height-default\" data-id=\"349a231\" data-element_type=\"section\" data-settings=\"{&quot;background_background&quot;:&quot;classic&quot;}\">\n\t\t\t\t\t\t<div class=\"elementor-container elementor-column-gap-default\">\n\t\t\t\t\t<div class=\"elementor-column elementor-col-100 elementor-top-column elementor-element elementor-element-97d7fc6\" data-id=\"97d7fc6\" data-element_type=\"column\">\n\t\t\t<div class=\"elementor-widget-wrap elementor-element-populated\">\n\t\t\t\t\t\t<div class=\"elementor-element elementor-element-c80b9cd elementor-widget elementor-widget-heading\" data-id=\"c80b9cd\" data-element_type=\"widget\" data-widget_type=\"heading.default\">\n\t\t\t\t<div class=\"elementor-widget-container\">\n\t\t\t\t\t<h1 class=\"elementor-heading-title elementor-size-default\">Nagez avec les dauphins \u00e0 Maurice<\/h1>\t\t\t\t<\/div>\n\t\t\t\t<\/div>\n\t\t\t\t\t<\/div>\n\t\t<\/div>\n\t\t\t\t\t<\/div>\n\t\t<\/section>\n\t\t\t\t<section class=\"elementor-section elementor-top-section elementor-element elementor-element-f0242f3 elementor-section-boxed elementor-section-height-default elementor-section-height-default\" data-id=\"f0242f3\" data-element_type=\"section\" data-settings=\"{&quot;background_background&quot;:&quot;classic&quot;}\">\n\t\t\t\t\t\t<div class=\"elementor-container elementor-column-gap-default\">\n\t\t\t\t\t<div class=\"elementor-column elementor-col-50 elementor-top-column elementor-element elementor-element-547fc2e\" data-id=\"547fc2e\" data-element_type=\"column\">\n\t\t\t<div class=\"elementor-widget-wrap elementor-element-populated\">\n\t\t\t\t\t\t<div class=\"elementor-element elementor-element-8d870b1 elementor-pagination-position-outside elementor-widget elementor-widget-image-carousel\" data-id=\"8d870b1\" data-element_type=\"widget\" data-settings=\"{&quot;slides_to_show&quot;:&quot;1&quot;,&quot;navigation&quot;:&quot;dots&quot;,&quot;autoplay&quot;:&quot;yes&quot;,&quot;pause_on_hover&quot;:&quot;yes&quot;,&quot;pause_on_interaction&quot;:&quot;yes&quot;,&quot;autoplay_speed&quot;:5000,&quot;infinite&quot;:&quot;yes&quot;,&quot;effect&quot;:&quot;slide&quot;,&quot;speed&quot;:500}\" data-widget_type=\"image-carousel.default\">\n\t\t\t\t<div class=\"elementor-widget-container\">\n\t\t\t\t\t\t\t<div class=\"elementor-image-carousel-wrapper swiper\" role=\"region\" aria-roledescription=\"carousel\" aria-label=\"Image Carousel\" dir=\"ltr\">\n\t\t\t<div class=\"elementor-image-carousel swiper-wrapper\" aria-live=\"off\">\n\t\t\t\t\t\t\t\t<div class=\"swiper-slide\" role=\"group\" aria-roledescription=\"slide\" aria-label=\"1 sur 2\"><figure class=\"swiper-slide-inner\"><img decoding=\"async\" class=\"swiper-slide-image\" src=\"https:\/\/www.lechasseurmauricien.com\/wp-content\/uploads\/elementor\/thumbs\/visit-dolphin-mauritius-400-qmzbjjbqj8yc1ra02x4rl1d0cy0so6fvwep2qljzpk.jpg\" alt=\"visit-dolphin-mauritius-400\" \/><\/figure><\/div><div class=\"swiper-slide\" role=\"group\" aria-roledescription=\"slide\" aria-label=\"2 sur 2\"><figure class=\"swiper-slide-inner\"><img decoding=\"async\" class=\"swiper-slide-image\" src=\"https:\/\/www.lechasseurmauricien.com\/wp-content\/uploads\/elementor\/thumbs\/fishwhisperer-bottlenose-dolphins-qmzbjjbqj8yc1ra02x4rl1d0cy0so6fvwep2qljzpk.jpg\" alt=\"fishwhisperer-bottlenose-dolphins\" \/><\/figure><\/div>\t\t\t<\/div>\n\t\t\t\t\t\t\t\n\t\t\t\t\t\t\t\t\t<div class=\"swiper-pagination\"><\/div>\n\t\t\t\t\t\t\t\t\t<\/div>\n\t\t\t\t\t\t<\/div>\n\t\t\t\t<\/div>\n\t\t\t\t\t<\/div>\n\t\t<\/div>\n\t\t\t\t<div class=\"elementor-column elementor-col-50 elementor-top-column elementor-element elementor-element-76a0b34\" data-id=\"76a0b34\" data-element_type=\"column\">\n\t\t\t<div class=\"elementor-widget-wrap elementor-element-populated\">\n\t\t\t\t\t\t<div class=\"elementor-element elementor-element-1075bce elementor-widget elementor-widget-text-editor\" data-id=\"1075bce\" data-element_type=\"widget\" data-widget_type=\"text-editor.default\">\n\t\t\t\t<div class=\"elementor-widget-container\">\n\t\t\t\t\t\t\t\t\t<p data-start=\"0\" data-end=\"518\">Quel moment \u00e9mouvant dans une vie que de nager avec les magnifiques dauphins. Ils sont totalement sauvages, et vous les observerez dans leur habitat naturel et, si vous le souhaitez, vous aurez l&rsquo;opportunit\u00e9 de nager avec eux aux c\u00f4t\u00e9s de notre \u00e9quipe professionnelle. T\u00f4t le matin, nous viendrons vous chercher \u00e0 votre h\u00f4tel et vous conduirons jusqu&rsquo;\u00e0 la zone, \u00e0 seulement 15 minutes en voiture de votre chambre. Apr\u00e8s une s\u00e9ance de s\u00e9curit\u00e9, nous traverserons le lagon pour rencontrer ces grands et rares mammif\u00e8res.<\/p><p data-start=\"520\" data-end=\"711\">Pour les plus aventuriers, vous pouvez \u00e9galement opter pour nager avec eux. Il suffit d&rsquo;\u00e9viter de les poursuivre, et ils s&rsquo;approcheront de vous avec leurs splendides vocalisations aquatiques.<\/p><p data-start=\"713\" data-end=\"872\">Pr\u00eat \u00e0 vivre cette rencontre inoubliable avec les dauphins ? R\u00e9servez votre excursion maintenant et rejoignez-nous pour une aventure aquatique extraordinaire !<\/p><p data-start=\"874\" data-end=\"955\" data-is-last-node=\"\" data-is-only-node=\"\">Ne manquez pas cette chance \u2013 R\u00e9servez votre nage avec les dauphins aujourd&rsquo;hui !<\/p>\t\t\t\t\t\t\t\t<\/div>\n\t\t\t\t<\/div>\n\t\t\t\t\t<\/div>\n\t\t<\/div>\n\t\t\t\t\t<\/div>\n\t\t<\/section>\n\t\t\t\t<section class=\"elementor-section elementor-top-section elementor-element elementor-element-53bc9c7 elementor-section-boxed elementor-section-height-default elementor-section-height-default\" data-id=\"53bc9c7\" data-element_type=\"section\" data-settings=\"{&quot;background_background&quot;:&quot;classic&quot;}\">\n\t\t\t\t\t\t<div class=\"elementor-container elementor-column-gap-default\">\n\t\t\t\t\t<div class=\"elementor-column elementor-col-100 elementor-top-column elementor-element elementor-element-0b236e2\" data-id=\"0b236e2\" data-element_type=\"column\">\n\t\t\t<div class=\"elementor-widget-wrap elementor-element-populated\">\n\t\t\t\t\t\t<section class=\"elementor-section elementor-inner-section elementor-element elementor-element-71dd340 elementor-section-boxed elementor-section-height-default elementor-section-height-default\" data-id=\"71dd340\" data-element_type=\"section\">\n\t\t\t\t\t\t<div class=\"elementor-container elementor-column-gap-default\">\n\t\t\t\t\t<div class=\"elementor-column elementor-col-16 elementor-inner-column elementor-element elementor-element-76582e4\" data-id=\"76582e4\" data-element_type=\"column\">\n\t\t\t<div class=\"elementor-widget-wrap elementor-element-populated\">\n\t\t\t\t\t\t<div class=\"elementor-element elementor-element-06014bc elementor-widget elementor-widget-image\" data-id=\"06014bc\" data-element_type=\"widget\" data-widget_type=\"image.default\">\n\t\t\t\t<div class=\"elementor-widget-container\">\n\t\t\t\t\t\t\t\t\t\t\t\t\t\t\t\t<a href=\"https:\/\/www.lechasseurmauricien.com\/fr\/peche\/\">\n\t\t\t\t\t\t\t<img decoding=\"async\" src=\"https:\/\/www.lechasseurmauricien.com\/wp-content\/uploads\/elementor\/thumbs\/Big-Game-fishing-image-mauritius-400-qmzbjjbpbe5wfr49o09lgyinblt60f860m3wl72rog.jpg\" title=\"Big-Game-fishing-image-mauritius-400\" alt=\"Big-Game-fishing-image-mauritius-400\" loading=\"lazy\" \/>\t\t\t\t\t\t\t\t<\/a>\n\t\t\t\t\t\t\t\t\t\t\t\t\t\t\t<\/div>\n\t\t\t\t<\/div>\n\t\t\t\t<div class=\"elementor-element elementor-element-39fc3e5 elementor-widget elementor-widget-heading\" data-id=\"39fc3e5\" data-element_type=\"widget\" data-widget_type=\"heading.default\">\n\t\t\t\t<div class=\"elementor-widget-container\">\n\t\t\t\t\t<h2 class=\"elementor-heading-title elementor-size-default\">Fishing<\/h2>\t\t\t\t<\/div>\n\t\t\t\t<\/div>\n\t\t\t\t\t<\/div>\n\t\t<\/div>\n\t\t\t\t<div class=\"elementor-column elementor-col-16 elementor-inner-column elementor-element elementor-element-3ddd9b5\" data-id=\"3ddd9b5\" data-element_type=\"column\">\n\t\t\t<div class=\"elementor-widget-wrap elementor-element-populated\">\n\t\t\t\t\t\t<div class=\"elementor-element elementor-element-52b31de elementor-widget elementor-widget-image\" data-id=\"52b31de\" data-element_type=\"widget\" data-widget_type=\"image.default\">\n\t\t\t\t<div class=\"elementor-widget-container\">\n\t\t\t\t\t\t\t\t\t\t\t\t\t\t\t\t<a href=\"https:\/\/www.lechasseurmauricien.com\/fr\/nage-avec-les-dauphins-ile-maurice\/\">\n\t\t\t\t\t\t\t<img decoding=\"async\" src=\"https:\/\/www.lechasseurmauricien.com\/wp-content\/uploads\/elementor\/thumbs\/visit-dolphin-mauritius-400-qmzbjjbpbe5wfr49o09lgyinblt60f860m3wl72rog.jpg\" title=\"visit-dolphin-mauritius-400\" alt=\"visit-dolphin-mauritius-400\" loading=\"lazy\" \/>\t\t\t\t\t\t\t\t<\/a>\n\t\t\t\t\t\t\t\t\t\t\t\t\t\t\t<\/div>\n\t\t\t\t<\/div>\n\t\t\t\t<div class=\"elementor-element elementor-element-ed570b0 elementor-widget elementor-widget-heading\" data-id=\"ed570b0\" data-element_type=\"widget\" data-widget_type=\"heading.default\">\n\t\t\t\t<div class=\"elementor-widget-container\">\n\t\t\t\t\t<h2 class=\"elementor-heading-title elementor-size-default\">Swim with dolphins<\/h2>\t\t\t\t<\/div>\n\t\t\t\t<\/div>\n\t\t\t\t\t<\/div>\n\t\t<\/div>\n\t\t\t\t<div class=\"elementor-column elementor-col-16 elementor-inner-column elementor-element elementor-element-8658c29\" data-id=\"8658c29\" data-element_type=\"column\">\n\t\t\t<div class=\"elementor-widget-wrap elementor-element-populated\">\n\t\t\t\t\t\t<div class=\"elementor-element elementor-element-20439c8 elementor-widget elementor-widget-image\" data-id=\"20439c8\" data-element_type=\"widget\" data-widget_type=\"image.default\">\n\t\t\t\t<div class=\"elementor-widget-container\">\n\t\t\t\t\t\t\t\t\t\t\t\t\t\t\t\t<a href=\"https:\/\/www.lechasseurmauricien.com\/fr\/via-ferrata\/\">\n\t\t\t\t\t\t\t<img decoding=\"async\" src=\"https:\/\/www.lechasseurmauricien.com\/wp-content\/uploads\/elementor\/thumbs\/via-ferrata-qmzbjjbpbe5wfr49o09lgyinblt60f860m3wl72rog.jpg\" title=\"via-ferrata\" alt=\"via-ferrata\" loading=\"lazy\" \/>\t\t\t\t\t\t\t\t<\/a>\n\t\t\t\t\t\t\t\t\t\t\t\t\t\t\t<\/div>\n\t\t\t\t<\/div>\n\t\t\t\t<div class=\"elementor-element elementor-element-cd3b1c8 elementor-widget elementor-widget-heading\" data-id=\"cd3b1c8\" data-element_type=\"widget\" data-widget_type=\"heading.default\">\n\t\t\t\t<div class=\"elementor-widget-container\">\n\t\t\t\t\t<h2 class=\"elementor-heading-title elementor-size-default\">Via Ferrata<\/h2>\t\t\t\t<\/div>\n\t\t\t\t<\/div>\n\t\t\t\t\t<\/div>\n\t\t<\/div>\n\t\t\t\t<div class=\"elementor-column elementor-col-16 elementor-inner-column elementor-element elementor-element-630486b\" data-id=\"630486b\" data-element_type=\"column\">\n\t\t\t<div class=\"elementor-widget-wrap elementor-element-populated\">\n\t\t\t\t\t\t<div class=\"elementor-element elementor-element-56c0da8 elementor-widget elementor-widget-image\" data-id=\"56c0da8\" data-element_type=\"widget\" data-widget_type=\"image.default\">\n\t\t\t\t<div class=\"elementor-widget-container\">\n\t\t\t\t\t\t\t\t\t\t\t\t\t\t\t\t<a href=\"https:\/\/www.lechasseurmauricien.com\/fr\/le-trekking\/\">\n\t\t\t\t\t\t\t<img decoding=\"async\" src=\"https:\/\/www.lechasseurmauricien.com\/wp-content\/uploads\/elementor\/thumbs\/frdrica-nature-reserve-lowdef-12-qmzbjdoo6dy6i3cgkxtu1zxvrakyq8lrzu6zpjb4ps.jpg\" title=\"frdrica nature reserve lowdef 12\" alt=\"frdrica nature reserve lowdef 12\" loading=\"lazy\" \/>\t\t\t\t\t\t\t\t<\/a>\n\t\t\t\t\t\t\t\t\t\t\t\t\t\t\t<\/div>\n\t\t\t\t<\/div>\n\t\t\t\t<div class=\"elementor-element elementor-element-4b8fec1 elementor-widget elementor-widget-heading\" data-id=\"4b8fec1\" data-element_type=\"widget\" data-widget_type=\"heading.default\">\n\t\t\t\t<div class=\"elementor-widget-container\">\n\t\t\t\t\t<h2 class=\"elementor-heading-title elementor-size-default\">Trekking<\/h2>\t\t\t\t<\/div>\n\t\t\t\t<\/div>\n\t\t\t\t\t<\/div>\n\t\t<\/div>\n\t\t\t\t<div class=\"elementor-column elementor-col-16 elementor-inner-column elementor-element elementor-element-7bb57b8\" data-id=\"7bb57b8\" data-element_type=\"column\">\n\t\t\t<div class=\"elementor-widget-wrap elementor-element-populated\">\n\t\t\t\t\t\t<div class=\"elementor-element elementor-element-1d12f92 elementor-widget elementor-widget-image\" data-id=\"1d12f92\" data-element_type=\"widget\" data-widget_type=\"image.default\">\n\t\t\t\t<div class=\"elementor-widget-container\">\n\t\t\t\t\t\t\t\t\t\t\t\t\t\t\t\t<a href=\"https:\/\/www.lechasseurmauricien.com\/fr\/sky-dive\/\">\n\t\t\t\t\t\t\t<img decoding=\"async\" src=\"https:\/\/www.lechasseurmauricien.com\/wp-content\/uploads\/elementor\/thumbs\/skydive-mauritius-qmzbjjbpbe5wfr49o09lgyinblt60f860m3wl72rog.jpg\" title=\"skydive-mauritius\" alt=\"skydive-mauritius\" loading=\"lazy\" \/>\t\t\t\t\t\t\t\t<\/a>\n\t\t\t\t\t\t\t\t\t\t\t\t\t\t\t<\/div>\n\t\t\t\t<\/div>\n\t\t\t\t<div class=\"elementor-element elementor-element-e6c36a5 elementor-widget elementor-widget-heading\" data-id=\"e6c36a5\" data-element_type=\"widget\" data-widget_type=\"heading.default\">\n\t\t\t\t<div class=\"elementor-widget-container\">\n\t\t\t\t\t<h2 class=\"elementor-heading-title elementor-size-default\">Sky Drive<\/h2>\t\t\t\t<\/div>\n\t\t\t\t<\/div>\n\t\t\t\t\t<\/div>\n\t\t<\/div>\n\t\t\t\t<div class=\"elementor-column elementor-col-16 elementor-inner-column elementor-element elementor-element-3d46acf\" data-id=\"3d46acf\" data-element_type=\"column\">\n\t\t\t<div class=\"elementor-widget-wrap elementor-element-populated\">\n\t\t\t\t\t\t<div class=\"elementor-element elementor-element-c4d4fb9 elementor-widget elementor-widget-image\" data-id=\"c4d4fb9\" data-element_type=\"widget\" data-widget_type=\"image.default\">\n\t\t\t\t<div class=\"elementor-widget-container\">\n\t\t\t\t\t\t\t\t\t\t\t\t\t\t\t\t<a href=\"https:\/\/www.lechasseurmauricien.com\/fr\/balade-en-quad\/\">\n\t\t\t\t\t\t\t<img decoding=\"async\" src=\"https:\/\/www.lechasseurmauricien.com\/wp-content\/uploads\/elementor\/thumbs\/28528990136_c234163490_b-qmzbjdoo6dy6i3cgkxtu1zxvrakyq8lrzu6zpjb4ps.jpg\" title=\"28528990136_c234163490_b\" alt=\"28528990136_c234163490_b\" loading=\"lazy\" \/>\t\t\t\t\t\t\t\t<\/a>\n\t\t\t\t\t\t\t\t\t\t\t\t\t\t\t<\/div>\n\t\t\t\t<\/div>\n\t\t\t\t<div class=\"elementor-element elementor-element-07f9324 elementor-widget elementor-widget-heading\" data-id=\"07f9324\" data-element_type=\"widget\" data-widget_type=\"heading.default\">\n\t\t\t\t<div class=\"elementor-widget-container\">\n\t\t\t\t\t<h2 class=\"elementor-heading-title elementor-size-default\">Quad Biking<\/h2>\t\t\t\t<\/div>\n\t\t\t\t<\/div>\n\t\t\t\t\t<\/div>\n\t\t<\/div>\n\t\t\t\t\t<\/div>\n\t\t<\/section>\n\t\t\t\t\t<\/div>\n\t\t<\/div>\n\t\t\t\t\t<\/div>\n\t\t<\/section>\n\t\t\t\t<\/div>\n\t\t","protected":false},"excerpt":{"rendered":"<p>Nagez avec les dauphins \u00e0 Maurice Quel moment \u00e9mouvant dans une vie que de nager avec les magnifiques dauphins. Ils sont totalement sauvages, et vous les observerez dans leur habitat naturel et, si vous le souhaitez, vous aurez l&rsquo;opportunit\u00e9 de nager avec eux aux c\u00f4t\u00e9s de notre \u00e9quipe professionnelle. T\u00f4t le matin, nous viendrons vous [&hellip;]<\/p>\n","protected":false},"author":1,"featured_media":0,"parent":0,"menu_order":0,"comment_status":"closed","ping_status":"closed","template":"elementor_header_footer","meta":{"_acf_changed":false,"footnotes":""},"class_list":["post-1018","page","type-page","status-publish","hentry"],"acf":[],"yoast_head":"<!-- This site is optimized with the Yoast SEO plugin v24.5 - https:\/\/yoast.com\/wordpress\/plugins\/seo\/ -->\n<title>Nage avec les dauphins - Le Chasseur Mauricien<\/title>\n<meta name=\"robots\" content=\"index, follow, max-snippet:-1, max-image-preview:large, max-video-preview:-1\" \/>\n<link rel=\"canonical\" href=\"https:\/\/www.lechasseurmauricien.com\/fr\/nage-avec-les-dauphins-ile-maurice\/\" \/>\n<meta property=\"og:locale\" content=\"fr_FR\" \/>\n<meta property=\"og:type\" content=\"article\" \/>\n<meta property=\"og:title\" content=\"Nage avec les dauphins - Le Chasseur Mauricien\" \/>\n<meta property=\"og:description\" content=\"Nagez avec les dauphins \u00e0 Maurice Quel moment \u00e9mouvant dans une vie que de nager avec les magnifiques dauphins. Ils sont totalement sauvages, et vous les observerez dans leur habitat naturel et, si vous le souhaitez, vous aurez l&rsquo;opportunit\u00e9 de nager avec eux aux c\u00f4t\u00e9s de notre \u00e9quipe professionnelle. T\u00f4t le matin, nous viendrons vous [&hellip;]\" \/>\n<meta property=\"og:url\" content=\"https:\/\/www.lechasseurmauricien.com\/fr\/nage-avec-les-dauphins-ile-maurice\/\" \/>\n<meta property=\"og:site_name\" content=\"Le Chasseur Mauricien\" \/>\n<meta property=\"article:publisher\" content=\"https:\/\/www.facebook.com\/Le-Chasseur-Mauricien-173958262616190\/\" \/>\n<meta property=\"article:modified_time\" content=\"2025-03-02T13:55:38+00:00\" \/>\n<meta property=\"og:image\" content=\"https:\/\/www.lechasseurmauricien.com\/wp-content\/uploads\/2023\/05\/visit-dolphin-mauritius-400-150x150.jpg\" \/>\n<meta name=\"twitter:card\" content=\"summary_large_image\" \/>\n<meta name=\"twitter:label1\" content=\"Dur\u00e9e de lecture estim\u00e9e\" \/>\n\t<meta name=\"twitter:data1\" content=\"3 minutes\" \/>\n<script type=\"application\/ld+json\" class=\"yoast-schema-graph\">{\"@context\":\"https:\/\/schema.org\",\"@graph\":[{\"@type\":\"WebPage\",\"@id\":\"https:\/\/www.lechasseurmauricien.com\/fr\/nage-avec-les-dauphins-ile-maurice\/\",\"url\":\"https:\/\/www.lechasseurmauricien.com\/fr\/nage-avec-les-dauphins-ile-maurice\/\",\"name\":\"Nage avec les dauphins - Le Chasseur Mauricien\",\"isPartOf\":{\"@id\":\"https:\/\/www.lechasseurmauricien.com\/#website\"},\"primaryImageOfPage\":{\"@id\":\"https:\/\/www.lechasseurmauricien.com\/fr\/nage-avec-les-dauphins-ile-maurice\/#primaryimage\"},\"image\":{\"@id\":\"https:\/\/www.lechasseurmauricien.com\/fr\/nage-avec-les-dauphins-ile-maurice\/#primaryimage\"},\"thumbnailUrl\":\"https:\/\/www.lechasseurmauricien.com\/wp-content\/uploads\/2023\/05\/visit-dolphin-mauritius-400-150x150.jpg\",\"datePublished\":\"2017-12-26T08:49:40+00:00\",\"dateModified\":\"2025-03-02T13:55:38+00:00\",\"breadcrumb\":{\"@id\":\"https:\/\/www.lechasseurmauricien.com\/fr\/nage-avec-les-dauphins-ile-maurice\/#breadcrumb\"},\"inLanguage\":\"fr-FR\",\"potentialAction\":[{\"@type\":\"ReadAction\",\"target\":[\"https:\/\/www.lechasseurmauricien.com\/fr\/nage-avec-les-dauphins-ile-maurice\/\"]}]},{\"@type\":\"ImageObject\",\"inLanguage\":\"fr-FR\",\"@id\":\"https:\/\/www.lechasseurmauricien.com\/fr\/nage-avec-les-dauphins-ile-maurice\/#primaryimage\",\"url\":\"https:\/\/www.lechasseurmauricien.com\/wp-content\/uploads\/2023\/05\/visit-dolphin-mauritius-400-150x150.jpg\",\"contentUrl\":\"https:\/\/www.lechasseurmauricien.com\/wp-content\/uploads\/2023\/05\/visit-dolphin-mauritius-400-150x150.jpg\"},{\"@type\":\"BreadcrumbList\",\"@id\":\"https:\/\/www.lechasseurmauricien.com\/fr\/nage-avec-les-dauphins-ile-maurice\/#breadcrumb\",\"itemListElement\":[{\"@type\":\"ListItem\",\"position\":1,\"name\":\"Home\",\"item\":\"https:\/\/www.lechasseurmauricien.com\/fr\/\"},{\"@type\":\"ListItem\",\"position\":2,\"name\":\"Nage avec les dauphins\"}]},{\"@type\":\"WebSite\",\"@id\":\"https:\/\/www.lechasseurmauricien.com\/#website\",\"url\":\"https:\/\/www.lechasseurmauricien.com\/\",\"name\":\"Le Chasseur Mauricien\",\"description\":\"Hunting in Mauritius\",\"potentialAction\":[{\"@type\":\"SearchAction\",\"target\":{\"@type\":\"EntryPoint\",\"urlTemplate\":\"https:\/\/www.lechasseurmauricien.com\/?s={search_term_string}\"},\"query-input\":{\"@type\":\"PropertyValueSpecification\",\"valueRequired\":true,\"valueName\":\"search_term_string\"}}],\"inLanguage\":\"fr-FR\"}]}<\/script>\n<!-- \/ Yoast SEO plugin. -->","yoast_head_json":{"title":"Nage avec les dauphins - Le Chasseur Mauricien","robots":{"index":"index","follow":"follow","max-snippet":"max-snippet:-1","max-image-preview":"max-image-preview:large","max-video-preview":"max-video-preview:-1"},"canonical":"https:\/\/www.lechasseurmauricien.com\/fr\/nage-avec-les-dauphins-ile-maurice\/","og_locale":"fr_FR","og_type":"article","og_title":"Nage avec les dauphins - Le Chasseur Mauricien","og_description":"Nagez avec les dauphins \u00e0 Maurice Quel moment \u00e9mouvant dans une vie que de nager avec les magnifiques dauphins. Ils sont totalement sauvages, et vous les observerez dans leur habitat naturel et, si vous le souhaitez, vous aurez l&rsquo;opportunit\u00e9 de nager avec eux aux c\u00f4t\u00e9s de notre \u00e9quipe professionnelle. T\u00f4t le matin, nous viendrons vous [&hellip;]","og_url":"https:\/\/www.lechasseurmauricien.com\/fr\/nage-avec-les-dauphins-ile-maurice\/","og_site_name":"Le Chasseur Mauricien","article_publisher":"https:\/\/www.facebook.com\/Le-Chasseur-Mauricien-173958262616190\/","article_modified_time":"2025-03-02T13:55:38+00:00","og_image":[{"url":"https:\/\/www.lechasseurmauricien.com\/wp-content\/uploads\/2023\/05\/visit-dolphin-mauritius-400-150x150.jpg","type":"","width":"","height":""}],"twitter_card":"summary_large_image","twitter_misc":{"Dur\u00e9e de lecture estim\u00e9e":"3 minutes"},"schema":{"@context":"https:\/\/schema.org","@graph":[{"@type":"WebPage","@id":"https:\/\/www.lechasseurmauricien.com\/fr\/nage-avec-les-dauphins-ile-maurice\/","url":"https:\/\/www.lechasseurmauricien.com\/fr\/nage-avec-les-dauphins-ile-maurice\/","name":"Nage avec les dauphins - Le Chasseur Mauricien","isPartOf":{"@id":"https:\/\/www.lechasseurmauricien.com\/#website"},"primaryImageOfPage":{"@id":"https:\/\/www.lechasseurmauricien.com\/fr\/nage-avec-les-dauphins-ile-maurice\/#primaryimage"},"image":{"@id":"https:\/\/www.lechasseurmauricien.com\/fr\/nage-avec-les-dauphins-ile-maurice\/#primaryimage"},"thumbnailUrl":"https:\/\/www.lechasseurmauricien.com\/wp-content\/uploads\/2023\/05\/visit-dolphin-mauritius-400-150x150.jpg","datePublished":"2017-12-26T08:49:40+00:00","dateModified":"2025-03-02T13:55:38+00:00","breadcrumb":{"@id":"https:\/\/www.lechasseurmauricien.com\/fr\/nage-avec-les-dauphins-ile-maurice\/#breadcrumb"},"inLanguage":"fr-FR","potentialAction":[{"@type":"ReadAction","target":["https:\/\/www.lechasseurmauricien.com\/fr\/nage-avec-les-dauphins-ile-maurice\/"]}]},{"@type":"ImageObject","inLanguage":"fr-FR","@id":"https:\/\/www.lechasseurmauricien.com\/fr\/nage-avec-les-dauphins-ile-maurice\/#primaryimage","url":"https:\/\/www.lechasseurmauricien.com\/wp-content\/uploads\/2023\/05\/visit-dolphin-mauritius-400-150x150.jpg","contentUrl":"https:\/\/www.lechasseurmauricien.com\/wp-content\/uploads\/2023\/05\/visit-dolphin-mauritius-400-150x150.jpg"},{"@type":"BreadcrumbList","@id":"https:\/\/www.lechasseurmauricien.com\/fr\/nage-avec-les-dauphins-ile-maurice\/#breadcrumb","itemListElement":[{"@type":"ListItem","position":1,"name":"Home","item":"https:\/\/www.lechasseurmauricien.com\/fr\/"},{"@type":"ListItem","position":2,"name":"Nage avec les dauphins"}]},{"@type":"WebSite","@id":"https:\/\/www.lechasseurmauricien.com\/#website","url":"https:\/\/www.lechasseurmauricien.com\/","name":"Le Chasseur Mauricien","description":"Hunting in Mauritius","potentialAction":[{"@type":"SearchAction","target":{"@type":"EntryPoint","urlTemplate":"https:\/\/www.lechasseurmauricien.com\/?s={search_term_string}"},"query-input":{"@type":"PropertyValueSpecification","valueRequired":true,"valueName":"search_term_string"}}],"inLanguage":"fr-FR"}]}},"_links":{"self":[{"href":"https:\/\/www.lechasseurmauricien.com\/fr\/wp-json\/wp\/v2\/pages\/1018","targetHints":{"allow":["GET"]}}],"collection":[{"href":"https:\/\/www.lechasseurmauricien.com\/fr\/wp-json\/wp\/v2\/pages"}],"about":[{"href":"https:\/\/www.lechasseurmauricien.com\/fr\/wp-json\/wp\/v2\/types\/page"}],"author":[{"embeddable":true,"href":"https:\/\/www.lechasseurmauricien.com\/fr\/wp-json\/wp\/v2\/users\/1"}],"replies":[{"embeddable":true,"href":"https:\/\/www.lechasseurmauricien.com\/fr\/wp-json\/wp\/v2\/comments?post=1018"}],"version-history":[{"count":6,"href":"https:\/\/www.lechasseurmauricien.com\/fr\/wp-json\/wp\/v2\/pages\/1018\/revisions"}],"predecessor-version":[{"id":3612,"href":"https:\/\/www.lechasseurmauricien.com\/fr\/wp-json\/wp\/v2\/pages\/1018\/revisions\/3612"}],"wp:attachment":[{"href":"https:\/\/www.lechasseurmauricien.com\/fr\/wp-json\/wp\/v2\/media?parent=1018"}],"curies":[{"name":"wp","href":"https:\/\/api.w.org\/{rel}","templated":true}]}}