{"id":1015,"date":"2017-12-26T09:05:03","date_gmt":"2017-12-26T09:05:03","guid":{"rendered":"https:\/\/www.lechasseurmauricien.com\/sky-diving\/"},"modified":"2025-03-02T18:00:34","modified_gmt":"2025-03-02T14:00:34","slug":"sky-dive","status":"publish","type":"page","link":"https:\/\/www.lechasseurmauricien.com\/fr\/sky-dive\/","title":{"rendered":"Sky Dive"},"content":{"rendered":"\t\t<div data-elementor-type=\"wp-page\" data-elementor-id=\"1015\" class=\"elementor elementor-1015 elementor-138\" data-elementor-post-type=\"page\">\n\t\t\t\t\t\t<section class=\"elementor-section elementor-top-section elementor-element elementor-element-4a8d36d elementor-section-height-min-height elementor-section-boxed elementor-section-height-default elementor-section-items-middle\" data-id=\"4a8d36d\" data-element_type=\"section\" data-settings=\"{&quot;background_background&quot;:&quot;classic&quot;}\">\n\t\t\t\t\t\t<div class=\"elementor-container elementor-column-gap-default\">\n\t\t\t\t\t<div class=\"elementor-column elementor-col-100 elementor-top-column elementor-element elementor-element-eea6f81\" data-id=\"eea6f81\" data-element_type=\"column\">\n\t\t\t<div class=\"elementor-widget-wrap\">\n\t\t\t\t\t\t\t<\/div>\n\t\t<\/div>\n\t\t\t\t\t<\/div>\n\t\t<\/section>\n\t\t\t\t<section class=\"elementor-section elementor-top-section elementor-element elementor-element-b9dac9e elementor-section-boxed elementor-section-height-default elementor-section-height-default\" data-id=\"b9dac9e\" data-element_type=\"section\" data-settings=\"{&quot;background_background&quot;:&quot;classic&quot;}\">\n\t\t\t\t\t\t<div class=\"elementor-container elementor-column-gap-default\">\n\t\t\t\t\t<div class=\"elementor-column elementor-col-100 elementor-top-column elementor-element elementor-element-42c3168\" data-id=\"42c3168\" data-element_type=\"column\">\n\t\t\t<div class=\"elementor-widget-wrap elementor-element-populated\">\n\t\t\t\t\t\t<div class=\"elementor-element elementor-element-995bf37 elementor-widget elementor-widget-heading\" data-id=\"995bf37\" data-element_type=\"widget\" data-widget_type=\"heading.default\">\n\t\t\t\t<div class=\"elementor-widget-container\">\n\t\t\t\t\t<h1 class=\"elementor-heading-title elementor-size-default\">Saut en parachute \u00e0 Maurice<\/h1>\t\t\t\t<\/div>\n\t\t\t\t<\/div>\n\t\t\t\t\t<\/div>\n\t\t<\/div>\n\t\t\t\t\t<\/div>\n\t\t<\/section>\n\t\t\t\t<section class=\"elementor-section elementor-top-section elementor-element elementor-element-9200729 elementor-section-boxed elementor-section-height-default elementor-section-height-default\" data-id=\"9200729\" data-element_type=\"section\" data-settings=\"{&quot;background_background&quot;:&quot;classic&quot;}\">\n\t\t\t\t\t\t<div class=\"elementor-container elementor-column-gap-default\">\n\t\t\t\t\t<div class=\"elementor-column elementor-col-50 elementor-top-column elementor-element elementor-element-27e7872\" data-id=\"27e7872\" data-element_type=\"column\">\n\t\t\t<div class=\"elementor-widget-wrap elementor-element-populated\">\n\t\t\t\t\t\t<div class=\"elementor-element elementor-element-da174d2 elementor-pagination-position-outside elementor-widget elementor-widget-image-carousel\" data-id=\"da174d2\" data-element_type=\"widget\" data-settings=\"{&quot;slides_to_show&quot;:&quot;1&quot;,&quot;navigation&quot;:&quot;dots&quot;,&quot;autoplay&quot;:&quot;yes&quot;,&quot;pause_on_hover&quot;:&quot;yes&quot;,&quot;pause_on_interaction&quot;:&quot;yes&quot;,&quot;autoplay_speed&quot;:5000,&quot;infinite&quot;:&quot;yes&quot;,&quot;effect&quot;:&quot;slide&quot;,&quot;speed&quot;:500}\" data-widget_type=\"image-carousel.default\">\n\t\t\t\t<div class=\"elementor-widget-container\">\n\t\t\t\t\t\t\t<div class=\"elementor-image-carousel-wrapper swiper\" role=\"region\" aria-roledescription=\"carousel\" aria-label=\"Image Carousel\" dir=\"ltr\">\n\t\t\t<div class=\"elementor-image-carousel swiper-wrapper\" aria-live=\"off\">\n\t\t\t\t\t\t\t\t<div class=\"swiper-slide\" role=\"group\" aria-roledescription=\"slide\" aria-label=\"1 sur 3\"><figure class=\"swiper-slide-inner\"><img decoding=\"async\" class=\"swiper-slide-image\" src=\"https:\/\/www.lechasseurmauricien.com\/wp-content\/uploads\/elementor\/thumbs\/skydive-mauritius-qmzbjjbrr3qrnrfqhtzxp47dea8fbxnls7a8w017qo.jpg\" alt=\"skydive-mauritius\" \/><\/figure><\/div><div class=\"swiper-slide\" role=\"group\" aria-roledescription=\"slide\" aria-label=\"2 sur 3\"><figure class=\"swiper-slide-inner\"><img decoding=\"async\" class=\"swiper-slide-image\" src=\"https:\/\/www.lechasseurmauricien.com\/wp-content\/uploads\/elementor\/thumbs\/skydive2-qmzbjjbrr3qrnrfqhtzxp47dea8fbxnls7a8w017qo.jpg\" alt=\"skydive2\" \/><\/figure><\/div><div class=\"swiper-slide\" role=\"group\" aria-roledescription=\"slide\" aria-label=\"3 sur 3\"><figure class=\"swiper-slide-inner\"><img decoding=\"async\" class=\"swiper-slide-image\" src=\"https:\/\/www.lechasseurmauricien.com\/wp-content\/uploads\/elementor\/thumbs\/skydive3-qmzbjjbrr3qrnrfqhtzxp47dea8fbxnls7a8w017qo.jpg\" alt=\"DCIM100GOPRO\" \/><\/figure><\/div>\t\t\t<\/div>\n\t\t\t\t\t\t\t\n\t\t\t\t\t\t\t\t\t<div class=\"swiper-pagination\"><\/div>\n\t\t\t\t\t\t\t\t\t<\/div>\n\t\t\t\t\t\t<\/div>\n\t\t\t\t<\/div>\n\t\t\t\t\t<\/div>\n\t\t<\/div>\n\t\t\t\t<div class=\"elementor-column elementor-col-50 elementor-top-column elementor-element elementor-element-1bc4a2e\" data-id=\"1bc4a2e\" data-element_type=\"column\">\n\t\t\t<div class=\"elementor-widget-wrap elementor-element-populated\">\n\t\t\t\t\t\t<div class=\"elementor-element elementor-element-a4276eb elementor-widget elementor-widget-text-editor\" data-id=\"a4276eb\" data-element_type=\"widget\" data-widget_type=\"text-editor.default\">\n\t\t\t\t<div class=\"elementor-widget-container\">\n\t\t\t\t\t\t\t\t\t<p data-start=\"0\" data-end=\"343\">Pour une mont\u00e9e d&rsquo;adr\u00e9naline inoubliable et une sensation de frissons comme nulle autre, vivez l&rsquo;aventure ultime du saut en parachute ! Plongez d&rsquo;une hauteur impressionnante de 3500 m\u00e8tres, accompagn\u00e9 par un instructeur exp\u00e9riment\u00e9 qui vous guidera tout au long de cette chute libre palpitante de 45 secondes dans l&rsquo;air chaud de l&rsquo;\u00eele Maurice.<\/p><p data-start=\"345\" data-end=\"569\">Apr\u00e8s cette chute libre exaltante, ressentez l&rsquo;excitation lorsque vous ouvrez votre parachute et glissez gracieusement pendant plus de 10 minutes, admirant les vues panoramiques sur la lagune turquoise envo\u00fbtante en dessous.<\/p><p data-start=\"571\" data-end=\"855\">Capturez chaque instant de ce moment unique avec une vid\u00e9o personnalis\u00e9e de votre saut audacieux. Ce souvenir pr\u00e9cieux vous permettra de revivre l&rsquo;excitation et la pure joie de votre exp\u00e9rience de saut en parachute, pr\u00e9servant \u00e9ternellement les souvenirs de votre aventure incroyable.<\/p><p data-start=\"857\" data-end=\"1060\">Pr\u00eat \u00e0 faire le grand saut et \u00e0 cr\u00e9er des souvenirs qui dureront toute une vie ? R\u00e9servez votre aventure de saut en parachute d\u00e8s maintenant et pr\u00e9parez-vous \u00e0 vivre le voyage ultime plein d&rsquo;adr\u00e9naline !<\/p><p data-start=\"1062\" data-end=\"1117\" data-is-last-node=\"\" data-is-only-node=\"\">Vivez l&rsquo;excitation \u2013 R\u00e9servez votre place aujourd&rsquo;hui ! <\/p>\t\t\t\t\t\t\t\t<\/div>\n\t\t\t\t<\/div>\n\t\t\t\t\t<\/div>\n\t\t<\/div>\n\t\t\t\t\t<\/div>\n\t\t<\/section>\n\t\t\t\t<section class=\"elementor-section elementor-top-section elementor-element elementor-element-bc9ccae elementor-section-boxed elementor-section-height-default elementor-section-height-default\" data-id=\"bc9ccae\" data-element_type=\"section\" data-settings=\"{&quot;background_background&quot;:&quot;classic&quot;}\">\n\t\t\t\t\t\t<div class=\"elementor-container elementor-column-gap-default\">\n\t\t\t\t\t<div class=\"elementor-column elementor-col-100 elementor-top-column elementor-element elementor-element-c22506c\" data-id=\"c22506c\" data-element_type=\"column\">\n\t\t\t<div class=\"elementor-widget-wrap elementor-element-populated\">\n\t\t\t\t\t\t<section class=\"elementor-section elementor-inner-section elementor-element elementor-element-f35c047 elementor-section-boxed elementor-section-height-default elementor-section-height-default\" data-id=\"f35c047\" data-element_type=\"section\">\n\t\t\t\t\t\t<div class=\"elementor-container elementor-column-gap-default\">\n\t\t\t\t\t<div class=\"elementor-column elementor-col-16 elementor-inner-column elementor-element elementor-element-cf14e93\" data-id=\"cf14e93\" data-element_type=\"column\">\n\t\t\t<div class=\"elementor-widget-wrap elementor-element-populated\">\n\t\t\t\t\t\t<div class=\"elementor-element elementor-element-05808a3 elementor-widget elementor-widget-image\" data-id=\"05808a3\" data-element_type=\"widget\" data-widget_type=\"image.default\">\n\t\t\t\t<div class=\"elementor-widget-container\">\n\t\t\t\t\t\t\t\t\t\t\t\t\t\t\t\t<a href=\"https:\/\/www.lechasseurmauricien.com\/fr\/peche\/\">\n\t\t\t\t\t\t\t<img decoding=\"async\" src=\"https:\/\/www.lechasseurmauricien.com\/wp-content\/uploads\/elementor\/thumbs\/Big-Game-fishing-image-mauritius-400-qmzbjjbpbe5wfr49o09lgyinblt60f860m3wl72rog.jpg\" title=\"Big-Game-fishing-image-mauritius-400\" alt=\"Big-Game-fishing-image-mauritius-400\" loading=\"lazy\" \/>\t\t\t\t\t\t\t\t<\/a>\n\t\t\t\t\t\t\t\t\t\t\t\t\t\t\t<\/div>\n\t\t\t\t<\/div>\n\t\t\t\t<div class=\"elementor-element elementor-element-93613a5 elementor-widget elementor-widget-heading\" data-id=\"93613a5\" data-element_type=\"widget\" data-widget_type=\"heading.default\">\n\t\t\t\t<div class=\"elementor-widget-container\">\n\t\t\t\t\t<h2 class=\"elementor-heading-title elementor-size-default\">Fishing<\/h2>\t\t\t\t<\/div>\n\t\t\t\t<\/div>\n\t\t\t\t\t<\/div>\n\t\t<\/div>\n\t\t\t\t<div class=\"elementor-column elementor-col-16 elementor-inner-column elementor-element elementor-element-2cd11c5\" data-id=\"2cd11c5\" data-element_type=\"column\">\n\t\t\t<div class=\"elementor-widget-wrap elementor-element-populated\">\n\t\t\t\t\t\t<div class=\"elementor-element elementor-element-cb79ede elementor-widget elementor-widget-image\" data-id=\"cb79ede\" data-element_type=\"widget\" data-widget_type=\"image.default\">\n\t\t\t\t<div class=\"elementor-widget-container\">\n\t\t\t\t\t\t\t\t\t\t\t\t\t\t\t\t<a href=\"https:\/\/www.lechasseurmauricien.com\/fr\/nage-avec-les-dauphins-ile-maurice\/\">\n\t\t\t\t\t\t\t<img decoding=\"async\" src=\"https:\/\/www.lechasseurmauricien.com\/wp-content\/uploads\/elementor\/thumbs\/visit-dolphin-mauritius-400-qmzbjjbpbe5wfr49o09lgyinblt60f860m3wl72rog.jpg\" title=\"visit-dolphin-mauritius-400\" alt=\"visit-dolphin-mauritius-400\" loading=\"lazy\" \/>\t\t\t\t\t\t\t\t<\/a>\n\t\t\t\t\t\t\t\t\t\t\t\t\t\t\t<\/div>\n\t\t\t\t<\/div>\n\t\t\t\t<div class=\"elementor-element elementor-element-50a57b8 elementor-widget elementor-widget-heading\" data-id=\"50a57b8\" data-element_type=\"widget\" data-widget_type=\"heading.default\">\n\t\t\t\t<div class=\"elementor-widget-container\">\n\t\t\t\t\t<h2 class=\"elementor-heading-title elementor-size-default\">Swim with dolphins<\/h2>\t\t\t\t<\/div>\n\t\t\t\t<\/div>\n\t\t\t\t\t<\/div>\n\t\t<\/div>\n\t\t\t\t<div class=\"elementor-column elementor-col-16 elementor-inner-column elementor-element elementor-element-7124298\" data-id=\"7124298\" data-element_type=\"column\">\n\t\t\t<div class=\"elementor-widget-wrap elementor-element-populated\">\n\t\t\t\t\t\t<div class=\"elementor-element elementor-element-5d381dc elementor-widget elementor-widget-image\" data-id=\"5d381dc\" data-element_type=\"widget\" data-widget_type=\"image.default\">\n\t\t\t\t<div class=\"elementor-widget-container\">\n\t\t\t\t\t\t\t\t\t\t\t\t\t\t\t\t<a href=\"https:\/\/www.lechasseurmauricien.com\/fr\/via-ferrata\/\">\n\t\t\t\t\t\t\t<img decoding=\"async\" src=\"https:\/\/www.lechasseurmauricien.com\/wp-content\/uploads\/elementor\/thumbs\/via-ferrata-qmzbjjbpbe5wfr49o09lgyinblt60f860m3wl72rog.jpg\" title=\"via-ferrata\" alt=\"via-ferrata\" loading=\"lazy\" \/>\t\t\t\t\t\t\t\t<\/a>\n\t\t\t\t\t\t\t\t\t\t\t\t\t\t\t<\/div>\n\t\t\t\t<\/div>\n\t\t\t\t<div class=\"elementor-element elementor-element-afd090e elementor-widget elementor-widget-heading\" data-id=\"afd090e\" data-element_type=\"widget\" data-widget_type=\"heading.default\">\n\t\t\t\t<div class=\"elementor-widget-container\">\n\t\t\t\t\t<h2 class=\"elementor-heading-title elementor-size-default\">Via Ferrata<\/h2>\t\t\t\t<\/div>\n\t\t\t\t<\/div>\n\t\t\t\t\t<\/div>\n\t\t<\/div>\n\t\t\t\t<div class=\"elementor-column elementor-col-16 elementor-inner-column elementor-element elementor-element-4d27113\" data-id=\"4d27113\" data-element_type=\"column\">\n\t\t\t<div class=\"elementor-widget-wrap elementor-element-populated\">\n\t\t\t\t\t\t<div class=\"elementor-element elementor-element-11cb401 elementor-widget elementor-widget-image\" data-id=\"11cb401\" data-element_type=\"widget\" data-widget_type=\"image.default\">\n\t\t\t\t<div class=\"elementor-widget-container\">\n\t\t\t\t\t\t\t\t\t\t\t\t\t\t\t\t<a href=\"https:\/\/www.lechasseurmauricien.com\/fr\/le-trekking\/\">\n\t\t\t\t\t\t\t<img decoding=\"async\" src=\"https:\/\/www.lechasseurmauricien.com\/wp-content\/uploads\/elementor\/thumbs\/frdrica-nature-reserve-lowdef-12-qmzbjdoo6dy6i3cgkxtu1zxvrakyq8lrzu6zpjb4ps.jpg\" title=\"frdrica nature reserve lowdef 12\" alt=\"frdrica nature reserve lowdef 12\" loading=\"lazy\" \/>\t\t\t\t\t\t\t\t<\/a>\n\t\t\t\t\t\t\t\t\t\t\t\t\t\t\t<\/div>\n\t\t\t\t<\/div>\n\t\t\t\t<div class=\"elementor-element elementor-element-66dae07 elementor-widget elementor-widget-heading\" data-id=\"66dae07\" data-element_type=\"widget\" data-widget_type=\"heading.default\">\n\t\t\t\t<div class=\"elementor-widget-container\">\n\t\t\t\t\t<h2 class=\"elementor-heading-title elementor-size-default\">Trekking<\/h2>\t\t\t\t<\/div>\n\t\t\t\t<\/div>\n\t\t\t\t\t<\/div>\n\t\t<\/div>\n\t\t\t\t<div class=\"elementor-column elementor-col-16 elementor-inner-column elementor-element elementor-element-26b1111\" data-id=\"26b1111\" data-element_type=\"column\">\n\t\t\t<div class=\"elementor-widget-wrap elementor-element-populated\">\n\t\t\t\t\t\t<div class=\"elementor-element elementor-element-f2ee4eb elementor-widget elementor-widget-image\" data-id=\"f2ee4eb\" data-element_type=\"widget\" data-widget_type=\"image.default\">\n\t\t\t\t<div class=\"elementor-widget-container\">\n\t\t\t\t\t\t\t\t\t\t\t\t\t\t\t\t<a href=\"https:\/\/www.lechasseurmauricien.com\/fr\/sky-dive\/\">\n\t\t\t\t\t\t\t<img decoding=\"async\" src=\"https:\/\/www.lechasseurmauricien.com\/wp-content\/uploads\/elementor\/thumbs\/skydive-mauritius-qmzbjjbpbe5wfr49o09lgyinblt60f860m3wl72rog.jpg\" title=\"skydive-mauritius\" alt=\"skydive-mauritius\" loading=\"lazy\" \/>\t\t\t\t\t\t\t\t<\/a>\n\t\t\t\t\t\t\t\t\t\t\t\t\t\t\t<\/div>\n\t\t\t\t<\/div>\n\t\t\t\t<div class=\"elementor-element elementor-element-38d9f04 elementor-widget elementor-widget-heading\" data-id=\"38d9f04\" data-element_type=\"widget\" data-widget_type=\"heading.default\">\n\t\t\t\t<div class=\"elementor-widget-container\">\n\t\t\t\t\t<h2 class=\"elementor-heading-title elementor-size-default\">Sky Drive<\/h2>\t\t\t\t<\/div>\n\t\t\t\t<\/div>\n\t\t\t\t\t<\/div>\n\t\t<\/div>\n\t\t\t\t<div class=\"elementor-column elementor-col-16 elementor-inner-column elementor-element elementor-element-66e70f6\" data-id=\"66e70f6\" data-element_type=\"column\">\n\t\t\t<div class=\"elementor-widget-wrap elementor-element-populated\">\n\t\t\t\t\t\t<div class=\"elementor-element elementor-element-4083cbb elementor-widget elementor-widget-image\" data-id=\"4083cbb\" data-element_type=\"widget\" data-widget_type=\"image.default\">\n\t\t\t\t<div class=\"elementor-widget-container\">\n\t\t\t\t\t\t\t\t\t\t\t\t\t\t\t\t<a href=\"https:\/\/www.lechasseurmauricien.com\/fr\/balade-en-quad\/\">\n\t\t\t\t\t\t\t<img decoding=\"async\" src=\"https:\/\/www.lechasseurmauricien.com\/wp-content\/uploads\/elementor\/thumbs\/28528990136_c234163490_b-qmzbjdoo6dy6i3cgkxtu1zxvrakyq8lrzu6zpjb4ps.jpg\" title=\"28528990136_c234163490_b\" alt=\"28528990136_c234163490_b\" loading=\"lazy\" \/>\t\t\t\t\t\t\t\t<\/a>\n\t\t\t\t\t\t\t\t\t\t\t\t\t\t\t<\/div>\n\t\t\t\t<\/div>\n\t\t\t\t<div class=\"elementor-element elementor-element-2b09e17 elementor-widget elementor-widget-heading\" data-id=\"2b09e17\" data-element_type=\"widget\" data-widget_type=\"heading.default\">\n\t\t\t\t<div class=\"elementor-widget-container\">\n\t\t\t\t\t<h2 class=\"elementor-heading-title elementor-size-default\">Quad Biking<\/h2>\t\t\t\t<\/div>\n\t\t\t\t<\/div>\n\t\t\t\t\t<\/div>\n\t\t<\/div>\n\t\t\t\t\t<\/div>\n\t\t<\/section>\n\t\t\t\t\t<\/div>\n\t\t<\/div>\n\t\t\t\t\t<\/div>\n\t\t<\/section>\n\t\t\t\t<\/div>\n\t\t","protected":false},"excerpt":{"rendered":"<p>Saut en parachute \u00e0 Maurice Pour une mont\u00e9e d&rsquo;adr\u00e9naline inoubliable et une sensation de frissons comme nulle autre, vivez l&rsquo;aventure ultime du saut en parachute ! Plongez d&rsquo;une hauteur impressionnante de 3500 m\u00e8tres, accompagn\u00e9 par un instructeur exp\u00e9riment\u00e9 qui vous guidera tout au long de cette chute libre palpitante de 45 secondes dans l&rsquo;air chaud [&hellip;]<\/p>\n","protected":false},"author":1,"featured_media":0,"parent":0,"menu_order":0,"comment_status":"closed","ping_status":"closed","template":"elementor_header_footer","meta":{"_acf_changed":false,"footnotes":""},"class_list":["post-1015","page","type-page","status-publish","hentry"],"acf":[],"yoast_head":"<!-- This site is optimized with the Yoast SEO plugin v24.5 - https:\/\/yoast.com\/wordpress\/plugins\/seo\/ -->\n<title>Sky Dive - Le Chasseur Mauricien<\/title>\n<meta name=\"robots\" content=\"index, follow, max-snippet:-1, max-image-preview:large, max-video-preview:-1\" \/>\n<link rel=\"canonical\" href=\"https:\/\/www.lechasseurmauricien.com\/fr\/sky-dive\/\" \/>\n<meta property=\"og:locale\" content=\"fr_FR\" \/>\n<meta property=\"og:type\" content=\"article\" \/>\n<meta property=\"og:title\" content=\"Sky Dive - Le Chasseur Mauricien\" \/>\n<meta property=\"og:description\" content=\"Saut en parachute \u00e0 Maurice Pour une mont\u00e9e d&rsquo;adr\u00e9naline inoubliable et une sensation de frissons comme nulle autre, vivez l&rsquo;aventure ultime du saut en parachute ! Plongez d&rsquo;une hauteur impressionnante de 3500 m\u00e8tres, accompagn\u00e9 par un instructeur exp\u00e9riment\u00e9 qui vous guidera tout au long de cette chute libre palpitante de 45 secondes dans l&rsquo;air chaud [&hellip;]\" \/>\n<meta property=\"og:url\" content=\"https:\/\/www.lechasseurmauricien.com\/fr\/sky-dive\/\" \/>\n<meta property=\"og:site_name\" content=\"Le Chasseur Mauricien\" \/>\n<meta property=\"article:publisher\" content=\"https:\/\/www.facebook.com\/Le-Chasseur-Mauricien-173958262616190\/\" \/>\n<meta property=\"article:modified_time\" content=\"2025-03-02T14:00:34+00:00\" \/>\n<meta property=\"og:image\" content=\"https:\/\/www.lechasseurmauricien.com\/wp-content\/uploads\/2023\/05\/skydive-mauritius-150x150.jpg\" \/>\n<meta name=\"twitter:card\" content=\"summary_large_image\" \/>\n<meta name=\"twitter:label1\" content=\"Dur\u00e9e de lecture estim\u00e9e\" \/>\n\t<meta name=\"twitter:data1\" content=\"4 minutes\" \/>\n<script type=\"application\/ld+json\" class=\"yoast-schema-graph\">{\"@context\":\"https:\/\/schema.org\",\"@graph\":[{\"@type\":\"WebPage\",\"@id\":\"https:\/\/www.lechasseurmauricien.com\/fr\/sky-dive\/\",\"url\":\"https:\/\/www.lechasseurmauricien.com\/fr\/sky-dive\/\",\"name\":\"Sky Dive - Le Chasseur Mauricien\",\"isPartOf\":{\"@id\":\"https:\/\/www.lechasseurmauricien.com\/#website\"},\"primaryImageOfPage\":{\"@id\":\"https:\/\/www.lechasseurmauricien.com\/fr\/sky-dive\/#primaryimage\"},\"image\":{\"@id\":\"https:\/\/www.lechasseurmauricien.com\/fr\/sky-dive\/#primaryimage\"},\"thumbnailUrl\":\"https:\/\/www.lechasseurmauricien.com\/wp-content\/uploads\/2023\/05\/skydive-mauritius-150x150.jpg\",\"datePublished\":\"2017-12-26T09:05:03+00:00\",\"dateModified\":\"2025-03-02T14:00:34+00:00\",\"breadcrumb\":{\"@id\":\"https:\/\/www.lechasseurmauricien.com\/fr\/sky-dive\/#breadcrumb\"},\"inLanguage\":\"fr-FR\",\"potentialAction\":[{\"@type\":\"ReadAction\",\"target\":[\"https:\/\/www.lechasseurmauricien.com\/fr\/sky-dive\/\"]}]},{\"@type\":\"ImageObject\",\"inLanguage\":\"fr-FR\",\"@id\":\"https:\/\/www.lechasseurmauricien.com\/fr\/sky-dive\/#primaryimage\",\"url\":\"https:\/\/www.lechasseurmauricien.com\/wp-content\/uploads\/2023\/05\/skydive-mauritius-150x150.jpg\",\"contentUrl\":\"https:\/\/www.lechasseurmauricien.com\/wp-content\/uploads\/2023\/05\/skydive-mauritius-150x150.jpg\"},{\"@type\":\"BreadcrumbList\",\"@id\":\"https:\/\/www.lechasseurmauricien.com\/fr\/sky-dive\/#breadcrumb\",\"itemListElement\":[{\"@type\":\"ListItem\",\"position\":1,\"name\":\"Home\",\"item\":\"https:\/\/www.lechasseurmauricien.com\/fr\/\"},{\"@type\":\"ListItem\",\"position\":2,\"name\":\"Sky Dive\"}]},{\"@type\":\"WebSite\",\"@id\":\"https:\/\/www.lechasseurmauricien.com\/#website\",\"url\":\"https:\/\/www.lechasseurmauricien.com\/\",\"name\":\"Le Chasseur Mauricien\",\"description\":\"Hunting in Mauritius\",\"potentialAction\":[{\"@type\":\"SearchAction\",\"target\":{\"@type\":\"EntryPoint\",\"urlTemplate\":\"https:\/\/www.lechasseurmauricien.com\/?s={search_term_string}\"},\"query-input\":{\"@type\":\"PropertyValueSpecification\",\"valueRequired\":true,\"valueName\":\"search_term_string\"}}],\"inLanguage\":\"fr-FR\"}]}<\/script>\n<!-- \/ Yoast SEO plugin. -->","yoast_head_json":{"title":"Sky Dive - Le Chasseur Mauricien","robots":{"index":"index","follow":"follow","max-snippet":"max-snippet:-1","max-image-preview":"max-image-preview:large","max-video-preview":"max-video-preview:-1"},"canonical":"https:\/\/www.lechasseurmauricien.com\/fr\/sky-dive\/","og_locale":"fr_FR","og_type":"article","og_title":"Sky Dive - Le Chasseur Mauricien","og_description":"Saut en parachute \u00e0 Maurice Pour une mont\u00e9e d&rsquo;adr\u00e9naline inoubliable et une sensation de frissons comme nulle autre, vivez l&rsquo;aventure ultime du saut en parachute ! Plongez d&rsquo;une hauteur impressionnante de 3500 m\u00e8tres, accompagn\u00e9 par un instructeur exp\u00e9riment\u00e9 qui vous guidera tout au long de cette chute libre palpitante de 45 secondes dans l&rsquo;air chaud [&hellip;]","og_url":"https:\/\/www.lechasseurmauricien.com\/fr\/sky-dive\/","og_site_name":"Le Chasseur Mauricien","article_publisher":"https:\/\/www.facebook.com\/Le-Chasseur-Mauricien-173958262616190\/","article_modified_time":"2025-03-02T14:00:34+00:00","og_image":[{"url":"https:\/\/www.lechasseurmauricien.com\/wp-content\/uploads\/2023\/05\/skydive-mauritius-150x150.jpg","type":"","width":"","height":""}],"twitter_card":"summary_large_image","twitter_misc":{"Dur\u00e9e de lecture estim\u00e9e":"4 minutes"},"schema":{"@context":"https:\/\/schema.org","@graph":[{"@type":"WebPage","@id":"https:\/\/www.lechasseurmauricien.com\/fr\/sky-dive\/","url":"https:\/\/www.lechasseurmauricien.com\/fr\/sky-dive\/","name":"Sky Dive - Le Chasseur Mauricien","isPartOf":{"@id":"https:\/\/www.lechasseurmauricien.com\/#website"},"primaryImageOfPage":{"@id":"https:\/\/www.lechasseurmauricien.com\/fr\/sky-dive\/#primaryimage"},"image":{"@id":"https:\/\/www.lechasseurmauricien.com\/fr\/sky-dive\/#primaryimage"},"thumbnailUrl":"https:\/\/www.lechasseurmauricien.com\/wp-content\/uploads\/2023\/05\/skydive-mauritius-150x150.jpg","datePublished":"2017-12-26T09:05:03+00:00","dateModified":"2025-03-02T14:00:34+00:00","breadcrumb":{"@id":"https:\/\/www.lechasseurmauricien.com\/fr\/sky-dive\/#breadcrumb"},"inLanguage":"fr-FR","potentialAction":[{"@type":"ReadAction","target":["https:\/\/www.lechasseurmauricien.com\/fr\/sky-dive\/"]}]},{"@type":"ImageObject","inLanguage":"fr-FR","@id":"https:\/\/www.lechasseurmauricien.com\/fr\/sky-dive\/#primaryimage","url":"https:\/\/www.lechasseurmauricien.com\/wp-content\/uploads\/2023\/05\/skydive-mauritius-150x150.jpg","contentUrl":"https:\/\/www.lechasseurmauricien.com\/wp-content\/uploads\/2023\/05\/skydive-mauritius-150x150.jpg"},{"@type":"BreadcrumbList","@id":"https:\/\/www.lechasseurmauricien.com\/fr\/sky-dive\/#breadcrumb","itemListElement":[{"@type":"ListItem","position":1,"name":"Home","item":"https:\/\/www.lechasseurmauricien.com\/fr\/"},{"@type":"ListItem","position":2,"name":"Sky Dive"}]},{"@type":"WebSite","@id":"https:\/\/www.lechasseurmauricien.com\/#website","url":"https:\/\/www.lechasseurmauricien.com\/","name":"Le Chasseur Mauricien","description":"Hunting in Mauritius","potentialAction":[{"@type":"SearchAction","target":{"@type":"EntryPoint","urlTemplate":"https:\/\/www.lechasseurmauricien.com\/?s={search_term_string}"},"query-input":{"@type":"PropertyValueSpecification","valueRequired":true,"valueName":"search_term_string"}}],"inLanguage":"fr-FR"}]}},"_links":{"self":[{"href":"https:\/\/www.lechasseurmauricien.com\/fr\/wp-json\/wp\/v2\/pages\/1015","targetHints":{"allow":["GET"]}}],"collection":[{"href":"https:\/\/www.lechasseurmauricien.com\/fr\/wp-json\/wp\/v2\/pages"}],"about":[{"href":"https:\/\/www.lechasseurmauricien.com\/fr\/wp-json\/wp\/v2\/types\/page"}],"author":[{"embeddable":true,"href":"https:\/\/www.lechasseurmauricien.com\/fr\/wp-json\/wp\/v2\/users\/1"}],"replies":[{"embeddable":true,"href":"https:\/\/www.lechasseurmauricien.com\/fr\/wp-json\/wp\/v2\/comments?post=1015"}],"version-history":[{"count":6,"href":"https:\/\/www.lechasseurmauricien.com\/fr\/wp-json\/wp\/v2\/pages\/1015\/revisions"}],"predecessor-version":[{"id":3625,"href":"https:\/\/www.lechasseurmauricien.com\/fr\/wp-json\/wp\/v2\/pages\/1015\/revisions\/3625"}],"wp:attachment":[{"href":"https:\/\/www.lechasseurmauricien.com\/fr\/wp-json\/wp\/v2\/media?parent=1015"}],"curies":[{"name":"wp","href":"https:\/\/api.w.org\/{rel}","templated":true}]}}